{"id":38,"date":"2023-10-15T12:05:47","date_gmt":"2023-10-15T10:05:47","guid":{"rendered":"https:\/\/lesitedutrombone.fr\/trombonefamily\/?page_id=38"},"modified":"2024-05-08T17:31:59","modified_gmt":"2024-05-08T15:31:59","slug":"concours-national-de-quatuor-de-trombone-european-competition","status":"publish","type":"page","link":"https:\/\/lesitedutrombone.fr\/trombonefamily\/concours-national-de-quatuor-de-trombone-european-competition\/","title":{"rendered":"Concours national de quatuor de trombone (&#038; european competition)"},"content":{"rendered":"\n<figure class=\"wp-block-image size-large\"><img loading=\"lazy\" decoding=\"async\" width=\"1024\" height=\"277\" src=\"https:\/\/lesitedutrombone.fr\/trombonefamily\/wp-content\/uploads\/2023\/10\/banniere-1-1024x277.jpg\" alt=\"\" class=\"wp-image-49\" srcset=\"https:\/\/lesitedutrombone.fr\/trombonefamily\/wp-content\/uploads\/2023\/10\/banniere-1-1024x277.jpg 1024w, https:\/\/lesitedutrombone.fr\/trombonefamily\/wp-content\/uploads\/2023\/10\/banniere-1-300x81.jpg 300w, https:\/\/lesitedutrombone.fr\/trombonefamily\/wp-content\/uploads\/2023\/10\/banniere-1-768x208.jpg 768w, https:\/\/lesitedutrombone.fr\/trombonefamily\/wp-content\/uploads\/2023\/10\/banniere-1-1536x416.jpg 1536w, https:\/\/lesitedutrombone.fr\/trombonefamily\/wp-content\/uploads\/2023\/10\/banniere-1-2048x555.jpg 2048w\" sizes=\"auto, (max-width: 1024px) 100vw, 1024px\" \/><\/figure>\n\n\n\n<p><strong>Pr\u00e9sentation<\/strong><\/p>\n\n\n\n<p>Fort de sa renomm\u00e9e, le concours, pr\u00e9sid\u00e9 par Michel Becquet, a lieu tous les 2 ans et rassemble des dizaines de quatuors de toute la France et de diff\u00e9rents niveaux.<br>Une nouvelle cat\u00e9gorie sera cr\u00e9\u00e9e \u00e0 Strasbourg : la cat\u00e9gorie \u00ab\u00a0Elite Europe \u00ab\u00a0, ouverte aux jeunes \u00e9tudiants des hautes \u00e9coles de musique d&rsquo;Europe.<\/p>\n\n\n\n<p>Les 33 quatuors (soit 132 candidats) et les professeurs venant de toute la l\u2019Europe s&rsquo;affronteront en 5 cat\u00e9gories :<br>&#8211; Bretzel (3 ans d\u2019instrument maximum, enfants ou adultes sans limite d\u2019\u00e2ge, niveau 1er cycle maximum)<br>&#8211; Mezzo (la somme des \u00e2ges ne doit pas exc\u00e9der 54 ans)<br>&#8211; Espoirs (la somme des \u00e2ges ne doit pas exc\u00e9der 70 ans)<br>&#8211; Prestige (la somme des \u00e2ges ne doit pas exc\u00e9der 94 ans)<br>&#8211; Elite Europe, european competition (les participants doivent \u00eatre scolaris\u00e9 dans les \u00e9coles sup\u00e9rieures d&rsquo;Europe, sans limite d&rsquo;\u00e2ge)<\/p>\n\n\n\n<p>Les \u00e9preuves se tiendront les 18 et 19 mai 2024 \u00e0 Strasbourg (Cit\u00e9 de la musique et de la danse).<br>La participation au concours permettra l&rsquo;acc\u00e8s gratuit au festival \u00ab\u00a0Trombone Family\u00a0\u00bb du 17 au 20 mai 2024 \u00e0 Strasbourg.<\/p>\n\n\n\n<hr class=\"wp-block-separator has-alpha-channel-opacity\"\/>\n\n\n\n<p><strong>R\u00e9glement \/&nbsp;<em>rules<\/em><\/strong><\/p>\n\n\n\n<p>Dans chaque quatuor, les niveaux\/cycles des musiciens peuvent se m\u00e9langer.<br>Seule la cat\u00e9gorie Elite Europe est ouverte aux \u00e9tudiants des CNSMDs et aux musiciens \u00e9tudiants hors de France.<br>Un quatuor ayant d\u00e9j\u00e0 obtenu un 1er Prix dans une cat\u00e9gorie lors d\u2019une \u00e9dition pr\u00e9c\u00e9dente du concours de quatuor ne peut se repr\u00e9senter dans la m\u00eame cat\u00e9gorie (sauf si au moins 2 musiciens sont nouveaux dans le quatuor).<br>Trombones t\u00e9nors et trombones basses peuvent faire partie du quatuor.<br>Un tuba peut faire partie du quatuor dans la cat\u00e9gorie Bretzel.<br>Les quatuors des cat\u00e9gories \u00ab&nbsp;bretzel&nbsp;\u00bb et \u00ab&nbsp;mezzo&nbsp;\u00bb peuvent \u00eatre install\u00e9s et accord\u00e9s par un professeur.<br>Les professeurs ne peuvent pas concourir.<br>En cas d\u2019insuffisance de participants, le concours peut \u00eatre annul\u00e9 pour la cat\u00e9gorie concern\u00e9e.<br>Les Prix sont d\u00e9cern\u00e9s au quatuor : au cas o\u00f9 le Prix soit un concert et que les membres du groupe changent entre le concours et le concert offert, le Prix reste maintenu pour le quatuor avec les nouveaux membres (dans la limite raisonnable du nombre de nouveaux musiciens).<br>Les candidats autorisent le concours et \u00ab\u00a0Trombone Family\u00a0\u00bb \u00e0 diffuser des photos\/vid\u00e9os des \u00e9preuves et concerts sur internet et reseaux sociaux (dans l&rsquo;inter\u00eat des candidats et du concours).<br>Les frais de voyage et d\u2019h\u00e9bergement sont \u00e0 la charge des candidats.<br>Le jury se r\u00e9serve le droit de ne pas attribuer tous les prix.<br>Par leur inscription, les candidats acceptent le r\u00e8glement du concours, s\u2019engagent \u00e0 participer \u00e0 l\u2019ensemble des \u00e9preuves et \u00e0 accepter les d\u00e9cisions du jury.&nbsp;<\/p>\n\n\n\n<p><strong>Cat\u00e9gorie \u00ab Elite Europe \u00bb, european competition :<\/strong><br>Pour la premi\u00e8re fois, le concours accueille une cat\u00e9gorie europ\u00e9enne, ouverte aux \u00e9tudiants des \u00e9coles sup\u00e9rieures d&rsquo;Europe (CNSMD, p\u00f4le sup\u00e9rieur, haute \u00e9cole, hochschule, conservatorio superior, etc.).<br>La finale sera accompagn\u00e9e par un orchestre \u00e0 cordes.<br>Les 4 musiciens doivent \u00eatre scolaris\u00e9s dans une \u00e9cole sup\u00e9rieure de musique en 2023-2024.<br>Chacun des musiciens peut \u00eatre scolaris\u00e9 dans un dipl\u00f4me diff\u00e9rent (par exemple : 3 musiciens en Licence\/Bachelor + 1 musicien en Master).<br>For the first time, the competition welcomes a european category, open to students from superior schools of music of Europe (CNSMD, p\u00f4le sup\u00e9rieur, haute \u00e9cole, hochschule, conservatorio superior, etc.).<br>The final round will be with string orchestra.<br>The 4 musicians have to be registered in a superior school of music in 2023-2024.<br>Each of the musician can be in a different degree (example : 3 musicians in Bachelor + 1 musicien in Master).<\/p>\n\n\n\n<p><strong>\u00ab \u00c9preuve de cr\u00e9ativit\u00e9 \u00bb :<\/strong><br>Les &nbsp;cat\u00e9gories Espoir, Prestige, et Elite Europe pr\u00e9senteront une \u00e9preuve de cr\u00e9ativit\u00e9.<br>Cette \u00e9preuve est destin\u00e9e \u00e0 mettre en valeur le cr\u00e9ativit\u00e9, et le sens de l\u2019improvisation des candidats.<br>Les candidats seront jug\u00e9s sur leurs personnalit\u00e9s propres, leurs temp\u00e9raments, sur l\u2019originalit\u00e9 de leurs propos et leurs capacit\u00e9s \u00e0 surprendre et \u00e0 apporter un souffle artistique original. Les concurrents auront cinq minutes maximum \u00e0 partir de leur entr\u00e9e sur sc\u00e8ne pour d\u00e9montrer leur esprit cr\u00e9atif. Sont permis toutes les formes d\u2019expressions artistiques (th\u00e9\u00e2tre, com\u00e9die, stand-up, danse, mime, arts du cirque etc\u2026), tous les styles (folklore, salsa, Jazz, funk, R&amp;B, Hip hop, Slam, etc) et ce, avec ou sans trombones. Si vous avez besoin d\u2019autres instruments, vous pouvez l&rsquo;indiquer aux organisateurs qui t\u00e2cheront de vous aider. Les candidats pourront, s\u2019ils le souhaitent, apporter des accessoires pour leur prestation, celle-ci ne devant pas exc\u00e9der cinq minutes.<br>The idea is to show the creativity and sense of improvisation of the candidates.<br>The candidates will be judged on their own personalities, their temperaments, the originality of their words and their ability to surprise and bring an original artistic breath. Competitors will have a maximum of five minutes from entering the stage to demonstrate their creative spirit. All forms of artistic expression are permitted (theater, comedy, stand-up, dance, mime, circus arts, etc.), all styles (folklore, salsa, Jazz, funk, R&amp;B, Hip hop, etc.) and this, with or without the trombone. If you need other instruments, you can let the organizers know who will try to help you. Candidates may, if they wish, bring props for their performance, which must not exceed five minutes.<\/p>\n\n\n\n<p><strong>Bien que ce soit une comp\u00e9tition, la bienveillance sera au rendez-vous pour que le concours soit avant tout une belle rencontre entre les trombonistes de tous les \u00e2ges et de toutes les r\u00e9gions !<\/strong><br><br>Date limite d&rsquo;inscription : 26 avril 2024 (dans la limite des places disponibles)<br><em>contact du bureau du concours :&nbsp;<a href=\"mailto:concoursquatuortrombone2024@gmail.com\">concoursquatuortrombone2024@gmail.com<\/a><\/em><\/p>\n\n\n\n<hr class=\"wp-block-separator has-alpha-channel-opacity\"\/>\n\n\n\n<p><strong>Jury<\/strong><\/p>\n\n\n\n<p><strong>Michel Becquet (pr\u00e9sident)<\/strong><br>Soliste international, laur\u00e9at de plusieurs concours internationaux, ancien professeur au CNSMD de Lyon, membre du Quatuor de trombones de Paris<br><br><strong>Renaud Bernad<\/strong><br>Trombone de l&rsquo;Orchestre Philharmonique de Strasbourg, professeur au Conservatoire de Strasbourg<br><br><strong>Jeffrey Kant<\/strong><br>Trombone solo du WDR Sinfonieorchester K\u00f6ln, membre du New Trombone Collective et du Quatuor Bruckner<br><br><strong>Philippe Lorthios<\/strong><br>Trombone membre de Qu4tre \u00e0 4<br><br><strong>Fabrice Millischer<\/strong><br>Soliste international, professeur au CNSMD de Paris et \u00e0 la Hochschule de Freiburg<br><br><strong>Louise Ognois<\/strong><br>Trombone solo de l&rsquo;Orchestre Philharmonique de Marseille puis de l\u2019Orchestre National du Capitole de Toulouse<\/p>\n\n\n\n<hr class=\"wp-block-separator has-alpha-channel-opacity\"\/>\n\n\n\n<p><strong>Planning du concours<\/strong><\/p>\n\n\n\n<p>Samedi 18 mai 2024<br>8h30 : \u00e9liminatoires (cat\u00e9gories Elite Europe, Prestige, Espoir)<br>14h30 : demi-finale (cat\u00e9gories Elite Europe, Prestige, Espoir)<br><br>Dimanche 19 mai 2024<br>9h : \u00e9liminatoires (cat\u00e9gories Bretzel, Mezzo)<br>19h : finale (toutes les cat\u00e9gories)<\/p>\n\n\n\n<hr class=\"wp-block-separator has-alpha-channel-opacity\"\/>\n\n\n\n<p><strong>Programme du concours &#8211; Cat\u00e9gorie Bretzel<\/strong><\/p>\n\n\n\n<p>(sans limite d\u2019\u00e2ge, 3 ans de trombone maximum, jeunes et adultes peuvent se m\u00e9langer)<\/p>\n\n\n\n<p>\u00c9liminatoires :<br>&#8211; Mexican Folk : La Bamba<br><a href=\"http:\/\/francoisbogaerteditions.com\/produit\/la-bamba-pour-quatuor-de-trombones\/\">http:\/\/francoisbogaerteditions.com\/produit\/la-bamba-pour-quatuor-de-trombones\/<\/a><br>&nbsp;&#8211; L\u00e9opaul Blanchard : Basic Blues<br><a href=\"http:\/\/www.flexeditions.com\/blanchard-basic-blues-partition-pour-quatuor-de-trombones-xml-241_695-4005.html\">http:\/\/www.flexeditions.com\/blanchard-basic-blues-partition-pour-quatuor-de-trombones-xml-241_695-4005.html<\/a><\/p>\n\n\n\n<p>Finale :<br>&#8211; Traditionnel : Chanson Alsacienne<br><a href=\"http:\/\/www.francoisbogaerteditions.com\/store\/product\/chanson-alsacienne\">http:\/\/www.francoisbogaerteditions.com\/store\/product\/chanson-alsacienne<\/a><\/p>\n\n\n\n<hr class=\"wp-block-separator has-alpha-channel-opacity\"\/>\n\n\n\n<p><strong>Programme du concours &#8211; Cat\u00e9gorie Mezzo<\/strong><\/p>\n\n\n\n<p>(la somme des \u00e2ges des 4 musiciens ne doit pas exc\u00e9der 54 ans)<br>\u00c9liminatoires :<br>&#8211; Mozart : Fl\u00fbte enchant\u00e9e, (4. Air de Sarastro)<br><a href=\"http:\/\/francoisbogaerteditions.com\/produit\/air-de-sarastro-qu4tre-a-4-choral-quartet\/\">http:\/\/francoisbogaerteditions.com\/produit\/air-de-sarastro-qu4tre-a-4-choral-quartet\/<\/a><br>&#8211; Philippe Tailleux : Song for L\u00e9a<br><a href=\"https:\/\/www.edrmartin.com\/fr\/partition-song-for-lea-quatuor-de-trombones-de-lea-philippe-tailleux-pour-trombone-32935.html\">https:\/\/www.edrmartin.com\/fr\/partition-song-for-lea-quatuor-de-trombones-de-lea-philippe-tailleux-pour-trombone-32935.html<\/a><\/p>\n\n\n\n<p>Finale :<br>&#8211; Traditionnel : D&rsquo;r Hans, le tromboniste<br><a href=\"http:\/\/www.francoisbogaerteditions.com\/store\/product\/dr-hans-le-tromboniste\">http:\/\/www.francoisbogaerteditions.com\/store\/product\/dr-hans-le-tromboniste<\/a><\/p>\n\n\n\n<hr class=\"wp-block-separator has-alpha-channel-opacity\"\/>\n\n\n\n<p><strong>Programme du concours &#8211; Cat\u00e9gorie Espoir<\/strong><\/p>\n\n\n\n<p>(la somme des \u00e2ges des 4 musiciens ne doit pas exc\u00e9der 70 ans)<\/p>\n\n\n\n<p>&nbsp;Eliminatoires :<br>&#8211; Franz Abt : 1. Sur les \u00e9toiles<br><a href=\"http:\/\/francoisbogaerteditions.com\/produit\/sur-les-etoiles-qu4tre-a-4-choral-quartet\/\">http:\/\/francoisbogaerteditions.com\/produit\/sur-les-etoiles-qu4tre-a-4-choral-quartet\/<\/a><br>&#8211; Franz Schubert : 9. Serenade<br><a href=\"http:\/\/francoisbogaerteditions.com\/produit\/serenade-qu4tre-a-4-choral-quartet\/\">http:\/\/francoisbogaerteditions.com\/produit\/serenade-qu4tre-a-4-choral-quartet\/<\/a><br>&#8211; V. E. Beckert : 12. Marche<br><a href=\"http:\/\/francoisbogaerteditions.com\/produit\/marche-qu4tre-a-4-choral-quartet\/\">http:\/\/francoisbogaerteditions.com\/produit\/marche-qu4tre-a-4-choral-quartet\/<\/a><\/p>\n\n\n\n<p>Demi-finale :<br>&#8211; Olivier Vonderscher : In may joue ce qu&rsquo;il te plait&#8230;<br><a href=\"https:\/\/www.edrmartin.com\/fr\/partition-in-may-joue-ce-qu-il-te-plait-quatuor-de-trombones-de-olivier-vonderscher-pour-trombone-32936.html\">https:\/\/www.edrmartin.com\/fr\/partition-in-may-joue-ce-qu-il-te-plait-quatuor-de-trombones-de-olivier-vonderscher-pour-trombone-32936.html<\/a><br>&#8211; Epreuve de cr\u00e9ativit\u00e9 &nbsp;d\u2019une dur\u00e9e de 5 minutes maximum<\/p>\n\n\n\n<p>Finale :<br>attention, le programme a \u00e9t\u00e9 modifi\u00e9 le 20 novembre :<br>&#8211; Gareth Wood : 4 pieces for 4 trombones<br><a href=\"https:\/\/www.justmusicuk.com\/publications\/details\/JM34338\" target=\"_blank\" rel=\"noreferrer noopener\">https:\/\/www.justmusicuk.com\/publications\/details\/JM34338<\/a><\/p>\n\n\n\n<hr class=\"wp-block-separator has-alpha-channel-opacity\"\/>\n\n\n\n<p><strong>Programme du concours &#8211; Cat\u00e9gorie Prestige<\/strong><\/p>\n\n\n\n<p>(la somme des \u00e2ges des 4 musiciens ne doit pas exc\u00e9der 94 ans)<\/p>\n\n\n\n<p>Eliminatoires :<br>&#8211; Camille Saint-Sa\u00ebns : Symphonie 3 (Adagio)<br><a href=\"https:\/\/sakermusic.com\/product\/saint-saens-adagio-from-symphony-no-3-organ-symphony-for-trombone-quartet\/\">https:\/\/sakermusic.com\/product\/saint-saens-adagio-from-symphony-no-3-organ-symphony-for-trombone-quartet\/<\/a><br>&#8211; F. A. Vogel : 13, Valse<br><a href=\"http:\/\/francoisbogaerteditions.com\/produit\/valse-qu4tre-a-4-choral-quartet\/\">http:\/\/francoisbogaerteditions.com\/produit\/valse-qu4tre-a-4-choral-quartet\/<\/a><br><br>Demi-finale :<br>&#8211; George Gershwin : Gershwin pour Qu4tre<br><a href=\"http:\/\/francoisbogaerteditions.com\/produit\/gershwin-pour-4\/\">http:\/\/francoisbogaerteditions.com\/produit\/gershwin-pour-4\/<\/a><br>&#8211; Epreuve de cr\u00e9ativit\u00e9 d\u2019une dur\u00e9e de 5 minutes maximum<\/p>\n\n\n\n<p>Finale :<br>&#8211; Klaus Badelt : Pirates of Caribbean<br><a href=\"https:\/\/sakermusic.com\/product\/klaus-badelt-pirates-of-the-caribbean-for-trombone-quartet\/\">https:\/\/sakermusic.com\/product\/klaus-badelt-pirates-of-the-caribbean-for-trombone-quartet\/<\/a><\/p>\n\n\n\n<hr class=\"wp-block-separator has-alpha-channel-opacity\"\/>\n\n\n\n<p><strong>Programme du concours &#8211; Cat\u00e9gorie Elite Europe (european competition)<\/strong><\/p>\n\n\n\n<p>(no age limit, the 4 musicians have to be students in a superior school of music)<\/p>\n\n\n\n<p>First round :<br>&#8211; Georg Philipp Telemann : Concerto \u00e0 &nbsp;4<br><a href=\"https:\/\/www.laflutedepan.com\/partition\/1073064\/telemann-concerto-a-4-partition-4-trombones.html\">https:\/\/www.laflutedepan.com\/partition\/1073064\/telemann-concerto-a-4-partition-4-trombones.html<\/a><br>&#8211; 4 pi\u00e8ces pour 4 trombones de J-M Defaye \u00e9d. Leduc<\/p>\n\n\n\n<p>Second round :<br>&#8211; Jacques Offenbach : Cabaret<br><a href=\"http:\/\/www.francoisbogaerteditions.com\/store\/product\/cabaret\">http:\/\/www.francoisbogaerteditions.com\/store\/product\/cabaret<\/a><br>&#8211; \u00ab\u00a0Epreuve de cr\u00e9ativit\u00e9\u00a0\u00bb (5 minutes maximum)<\/p>\n\n\n\n<p>Final round (with string orchestra) :<br>&#8211; Jan Koetsier : Concertino<br><a href=\"https:\/\/reift.ch\/fr\/emr\/466\">https:\/\/reift.ch\/fr\/emr\/466<\/a><\/p>\n\n\n\n<hr class=\"wp-block-separator has-alpha-channel-opacity\"\/>\n\n\n\n<p><strong>Frais d&rsquo;inscriptions<\/strong><\/p>\n\n\n\n<p>Bretzel, Mezzo : 80\u20ac \/ quatuor<br>Espoir, Prestige, et Elite Europe : 120\u20ac \/ quatuor<br>L&rsquo;inscription permettra un acc\u00e8s gratuit \u00e0 chaque concert de l&rsquo;\u00e9v\u00e8nement \u00ab\u00a0Trombone Family\u00a0\u00bb (en parall\u00e8le du concours).<\/p>\n\n\n\n<p><strong>R\u00e8glement par ch\u00e8que<\/strong>&nbsp;:<br>Ch\u00e8que \u00e0 l&rsquo;ordre de \u00ab Association des Trombonistes du Bas-Rhin \u00bb \u00e0 envoyer \u00e0 l&rsquo;adresse suivante :<br>Yves Scheppler<br>Association des Trombonistes du Bas-Rhin<br>24 rue de La Broque<br>67000 Strasbourg<\/p>\n\n\n\n<p><strong>R\u00e8glement par RIB<\/strong>&nbsp;:<br><a href=\"https:\/\/lesitedutrombone.fr\/trombonefamily\/rib\/\">RIB<\/a><\/p>\n\n\n\n<hr class=\"wp-block-separator has-alpha-channel-opacity\"\/>\n\n\n\n<p><strong>Prix et r\u00e9compenses<\/strong><\/p>\n\n\n\n<p>Plus de 50 prix d&rsquo;une valeur totale de 14.000\u20ac.<\/p>\n\n\n\n<p>Des concerts r\u00e9mun\u00e9r\u00e9s dans de prestigieux festivals de cuivres (Eurocuivres, Le Son des cuivres &#8211; Mamers, etc), le Prix Arp\u00e8ges-Armand Meyer (2500\u20ac), le Prix AMOPS (1000\u20ac), le Prix ATF (800\u20ac), le Prix ATBR (400\u20ac), plus de 1400\u20ac de r\u00e9ductions sur les stages (Lille Trombone Festival, Cuivres en Pays Basque, Bulles de Cuivres, etc), un trombone alto Antoine Courtois, des \u00e9tuis de trombone Eastman, des embouchures Laskey, des masterclass, des places de concerts et d\u2019op\u00e9ra, des caisses de vins \u00ab Le Pr\u00e9lude de Beiner \u00bb, des cr\u00e9ations chocolat \u00ab J\u00e9r\u00f4me Kuster \u00bb, des CDs, des bons d\u2019achat, etc<\/p>\n\n\n\n<hr class=\"wp-block-separator has-alpha-channel-opacity\"\/>\n\n\n\n<p><strong>Organisation<\/strong><\/p>\n\n\n\n<p><strong><a href=\"https:\/\/lesitedutrombone.fr\/trombonefamily\/nicolas-moutier\/\" data-type=\"page\" data-id=\"240\">Nicolas Moutier<\/a>, pr\u00e9sident du festival<\/strong><br>Renaud Bernad, gestion de l&rsquo;orchestre \u00e0 cordes<br>Brian Damide, gestion des candidats du concours<br>Yves Scheppler, gestion du conte musical<br>Elise Marcellin, gestion du festival off et des happenings<br>L\u00e9ane Berthaud, communication et r\u00e9seaux sociaux<br>Bastien Delair, comptabilit\u00e9 et conte musical<br>Association des trombonistes du Bas-Rhin<br>Ensemble de trombones-tuba de la HEAR<\/p>\n\n\n\n<hr class=\"wp-block-separator has-alpha-channel-opacity\"\/>\n\n\n\n<p><strong>Partenaires<\/strong><\/p>\n\n\n\n<figure class=\"wp-block-image size-large\"><img loading=\"lazy\" decoding=\"async\" width=\"1024\" height=\"934\" src=\"http:\/\/lesitedutrombone.fr\/trombonefamily\/wp-content\/uploads\/2024\/05\/partenaires-1024x934.jpg\" alt=\"\" class=\"wp-image-277\" srcset=\"https:\/\/lesitedutrombone.fr\/trombonefamily\/wp-content\/uploads\/2024\/05\/partenaires-1024x934.jpg 1024w, https:\/\/lesitedutrombone.fr\/trombonefamily\/wp-content\/uploads\/2024\/05\/partenaires-300x274.jpg 300w, https:\/\/lesitedutrombone.fr\/trombonefamily\/wp-content\/uploads\/2024\/05\/partenaires-768x700.jpg 768w, https:\/\/lesitedutrombone.fr\/trombonefamily\/wp-content\/uploads\/2024\/05\/partenaires-1536x1401.jpg 1536w, https:\/\/lesitedutrombone.fr\/trombonefamily\/wp-content\/uploads\/2024\/05\/partenaires-2048x1868.jpg 2048w\" sizes=\"auto, (max-width: 1024px) 100vw, 1024px\" \/><\/figure>\n\n\n\n<hr class=\"wp-block-separator has-alpha-channel-opacity\"\/>\n\n\n\n<hr class=\"wp-block-separator has-alpha-channel-opacity\"\/>\n\n\n\n<h3 class=\"wp-block-heading has-text-align-center\"><strong><a href=\"https:\/\/forms.gle\/jxaP8q1EVRBtmqF29\" target=\"_blank\" rel=\"noreferrer noopener\">INSCRIPTION \/ REGISTRATION<\/a><\/strong><\/h3>\n\n\n\n<hr class=\"wp-block-separator has-alpha-channel-opacity\"\/>\n\n\n\n<hr class=\"wp-block-separator has-alpha-channel-opacity\"\/>\n\n\n\n<figure class=\"wp-block-image size-large\"><img loading=\"lazy\" decoding=\"async\" width=\"1024\" height=\"277\" src=\"https:\/\/lesitedutrombone.fr\/trombonefamily\/wp-content\/uploads\/2023\/10\/banniere-1024x277.jpg\" alt=\"\" class=\"wp-image-48\" srcset=\"https:\/\/lesitedutrombone.fr\/trombonefamily\/wp-content\/uploads\/2023\/10\/banniere-1024x277.jpg 1024w, https:\/\/lesitedutrombone.fr\/trombonefamily\/wp-content\/uploads\/2023\/10\/banniere-300x81.jpg 300w, https:\/\/lesitedutrombone.fr\/trombonefamily\/wp-content\/uploads\/2023\/10\/banniere-768x208.jpg 768w, https:\/\/lesitedutrombone.fr\/trombonefamily\/wp-content\/uploads\/2023\/10\/banniere-1536x416.jpg 1536w, https:\/\/lesitedutrombone.fr\/trombonefamily\/wp-content\/uploads\/2023\/10\/banniere-2048x555.jpg 2048w\" sizes=\"auto, (max-width: 1024px) 100vw, 1024px\" \/><\/figure>\n","protected":false},"excerpt":{"rendered":"<p>Pr\u00e9sentation Fort de sa renomm\u00e9e, le concours, pr\u00e9sid\u00e9 par Michel Becquet, a lieu tous les 2 ans et rassemble des dizaines de quatuors de toute la France et de diff\u00e9rents niveaux.Une nouvelle cat\u00e9gorie sera cr\u00e9\u00e9e \u00e0 Strasbourg : la cat\u00e9gorie \u00ab\u00a0Elite Europe \u00ab\u00a0, ouverte aux jeunes \u00e9tudiants des hautes \u00e9coles de musique d&rsquo;Europe. Les 33 [&hellip;]<\/p>\n","protected":false},"author":1,"featured_media":0,"parent":0,"menu_order":0,"comment_status":"closed","ping_status":"closed","template":"","meta":{"footnotes":""},"class_list":["post-38","page","type-page","status-publish","hentry"],"_links":{"self":[{"href":"https:\/\/lesitedutrombone.fr\/trombonefamily\/wp-json\/wp\/v2\/pages\/38","targetHints":{"allow":["GET"]}}],"collection":[{"href":"https:\/\/lesitedutrombone.fr\/trombonefamily\/wp-json\/wp\/v2\/pages"}],"about":[{"href":"https:\/\/lesitedutrombone.fr\/trombonefamily\/wp-json\/wp\/v2\/types\/page"}],"author":[{"embeddable":true,"href":"https:\/\/lesitedutrombone.fr\/trombonefamily\/wp-json\/wp\/v2\/users\/1"}],"replies":[{"embeddable":true,"href":"https:\/\/lesitedutrombone.fr\/trombonefamily\/wp-json\/wp\/v2\/comments?post=38"}],"version-history":[{"count":24,"href":"https:\/\/lesitedutrombone.fr\/trombonefamily\/wp-json\/wp\/v2\/pages\/38\/revisions"}],"predecessor-version":[{"id":279,"href":"https:\/\/lesitedutrombone.fr\/trombonefamily\/wp-json\/wp\/v2\/pages\/38\/revisions\/279"}],"wp:attachment":[{"href":"https:\/\/lesitedutrombone.fr\/trombonefamily\/wp-json\/wp\/v2\/media?parent=38"}],"curies":[{"name":"wp","href":"https:\/\/api.w.org\/{rel}","templated":true}]}}