{"id":240,"date":"2024-05-03T14:14:13","date_gmt":"2024-05-03T12:14:13","guid":{"rendered":"https:\/\/lesitedutrombone.fr\/trombonefamily\/?page_id=240"},"modified":"2024-05-03T14:19:15","modified_gmt":"2024-05-03T12:19:15","slug":"nicolas-moutier","status":"publish","type":"page","link":"https:\/\/lesitedutrombone.fr\/trombonefamily\/nicolas-moutier\/","title":{"rendered":"Nicolas Moutier"},"content":{"rendered":"\n<h5 class=\"wp-block-heading\">Pr\u00e9sident de \u00ab\u00a0Trombone Family\u00a0\u00bb<\/h5>\n\n\n\n<figure class=\"wp-block-image size-large\"><img loading=\"lazy\" decoding=\"async\" width=\"1024\" height=\"277\" src=\"http:\/\/lesitedutrombone.fr\/trombonefamily\/wp-content\/uploads\/2023\/10\/banniere-1-1024x277.jpg\" alt=\"\" class=\"wp-image-49\" srcset=\"https:\/\/lesitedutrombone.fr\/trombonefamily\/wp-content\/uploads\/2023\/10\/banniere-1-1024x277.jpg 1024w, https:\/\/lesitedutrombone.fr\/trombonefamily\/wp-content\/uploads\/2023\/10\/banniere-1-300x81.jpg 300w, https:\/\/lesitedutrombone.fr\/trombonefamily\/wp-content\/uploads\/2023\/10\/banniere-1-768x208.jpg 768w, https:\/\/lesitedutrombone.fr\/trombonefamily\/wp-content\/uploads\/2023\/10\/banniere-1-1536x416.jpg 1536w, https:\/\/lesitedutrombone.fr\/trombonefamily\/wp-content\/uploads\/2023\/10\/banniere-1-2048x555.jpg 2048w\" sizes=\"auto, (max-width: 1024px) 100vw, 1024px\" \/><\/figure>\n\n\n\n<figure class=\"wp-block-image size-full\"><img loading=\"lazy\" decoding=\"async\" width=\"800\" height=\"917\" src=\"https:\/\/lesitedutrombone.fr\/trombonefamily\/wp-content\/uploads\/2024\/05\/Ops_03311b-pour-CV.jpg\" alt=\"\" class=\"wp-image-241\" srcset=\"https:\/\/lesitedutrombone.fr\/trombonefamily\/wp-content\/uploads\/2024\/05\/Ops_03311b-pour-CV.jpg 800w, https:\/\/lesitedutrombone.fr\/trombonefamily\/wp-content\/uploads\/2024\/05\/Ops_03311b-pour-CV-262x300.jpg 262w, https:\/\/lesitedutrombone.fr\/trombonefamily\/wp-content\/uploads\/2024\/05\/Ops_03311b-pour-CV-768x880.jpg 768w\" sizes=\"auto, (max-width: 800px) 100vw, 800px\" \/><\/figure>\n\n\n\n<p><strong>Nicolas Moutier<\/strong>, trombone<br>Nicolas Moutier est un passionn\u00e9, enracin\u00e9 dans la vie et dans la cr\u00e9ation artistique, il est reconnu aujourd\u2019hui comme l\u2019un des plus brillants musiciens de sa g\u00e9n\u00e9ration.<br>Il entre \u00e0 17 ans au\u00a0<a href=\"http:\/\/www.conservatoiredeparis.fr\/\" target=\"_blank\" rel=\"noreferrer noopener\">Conservatoire National Sup\u00e9rieur de Musique et de Danse (CNSMD) de Paris<\/a>\u00a0o\u00f9 il obtient les Prix de trombone (1er nomm\u00e9, mention sp\u00e9ciale du jury) et de musique de chambre, puis entre en cycle de Perfectionnement Concertiste.<br><br>Nicolas Moutier est laur\u00e9at de plusieurs concours internationaux\u00a0: 2<sup>\u00e8me<\/sup>\u00a0Prix du Concours International du Printemps de Prague (R\u00e9publique Tch\u00e8que), 2<sup>\u00e8me<\/sup>\u00a0Prix du Concours International de Porcia (Italie), 3<sup>eme<\/sup>\u00a0Prix du Concours International de Jeju (Cor\u00e9e du Sud), 1<sup>er<\/sup>\u00a0Prix de la Yamaha Music Foundation of Europe, et 1<sup>er<\/sup>\u00a0Grand Prix du Concours International FMAJI.<\/p>\n\n\n\n<p>Nicolas Moutier se produit r\u00e9guli\u00e8rement en soliste accompagn\u00e9 par de grands orchestres \u00e0 travers le monde (FVG Mitteleuropea Orchestra, Prague Chamber Orchestra, The State Hermitage Orchestra de Saint Petersbourg, Jeju Philharmonic Orchestra, Orchestre Philharmonique de Strasbourg, Orchestre Colonne, Orchestre Pasdeloup, Orchestre Les Si\u00e8cles, Musique de l\u2019Air, Imperial Brass Band, Ensemble de Cuivres des Solistes de l\u2019Op\u00e9ra de Paris\u2026) et en r\u00e9cital (Salon de la Musique Musicora, Invalides de Paris en la pr\u00e9sence du Maire de Paris\u2026), ainsi que dans des \u00e9missions radio (\u00ab&nbsp;Dans la Cour des Grands&nbsp;\u00bb de France Musique, Radio Nationale Tch\u00e8que\u2026).<br>En F\u00e9vrier 2015, il se produit aux Victoires de la Musique Classique en direct sur France 3.<\/p>\n\n\n\n<p>En Janvier 2013, Nicolas Moutier et Michel Becquet cr\u00e9ent le double concerto de R\u00e9my Abraham \u00ab&nbsp;Les Fr\u00e8res Montgolfiers&nbsp;\u00bb qui sera enregistr\u00e9 pour une parution CD quelques mois plus tard. En Avril 2014, Pierre Thilloy lui compose la pi\u00e8ce \u00ab&nbsp;Magma&nbsp;\u00bb avec brass band, et en Juin 2015 il cr\u00e9\u00e9 \u00ab&nbsp;Trombonissime&nbsp;\u00bb avec Denis Leloup&nbsp;: un objet sonore unique affrontant classique et jazz accompagn\u00e9 par le trio jazz Herv\u00e9 Sellin et l\u2019Orchestre philharmonique de Strasbourg.<br>R\u00e9cemment, Nicolas Moutier, Michel Becquet, Jacques Mauger, et Jonathan Reith ont particip\u00e9 \u00e0 l\u2019enregistrement en CD de l\u2019int\u00e9grale Jean-Michel Defaye sous la direction de J\u00e9r\u00f4me Naulais et Marc Lys.<\/p>\n\n\n\n<p>Apr\u00e8s avoir travaill\u00e9 avec le Capitole de Toulouse (en tant que laur\u00e9at du concours A\u00efda), il devient en 2003 Trombone Solo \u00e0 la Musique de l\u2019Air de Paris.<br>Depuis Juin 2006 Nicolas Moutier occupe le poste de Trombone Solo \u00e0 l\u2019<a href=\"http:\/\/www.philharmonique-strasbourg.com\/index.php\" target=\"_blank\" rel=\"noreferrer noopener\">Orchestre Philharmonique de Strasbourg<\/a>.<\/p>\n\n\n\n<p>Membre du Feeling Brass Quintet pendant plus de 7ans, il s\u2019investi dans le th\u00e9\u00e2tre musical avec le quatuor Opus4 en 2008, puis devient le 1<sup>er<\/sup>&nbsp;trombone de l\u2019ensemble&nbsp;<a href=\"http:\/\/namestra.com\/\" target=\"_blank\" rel=\"noreferrer noopener\">Namestra<\/a>&nbsp;en 2010.<\/p>\n\n\n\n<p>Nicolas Moutier est professeur au\u00a0<a href=\"http:\/\/www.conservatoire.strasbourg.eu\/\" target=\"_blank\" rel=\"noreferrer noopener\">Conservatoire \u00e0 Rayonnement R\u00e9gional de Strasbourg<\/a>\u00a0ainsi qu\u2019\u00e0 la\u00a0<a href=\"http:\/\/www.hear.fr\/\" target=\"_blank\" rel=\"noreferrer noopener\">Haute Ecole des Arts du Rhin<\/a>.<br>Il enseigne \u00e9galement \u00e0 l\u2019acad\u00e9mie de musique Eurocuivres, et r\u00e9alise r\u00e9guli\u00e8rement des masterclass en France et \u00e0 l\u2019\u00e9tranger (Russie, R\u00e9publique Tch\u00e8que, Br\u00e9sil, Ta\u00efwan).<br>En 2018, il int\u00e8gre l\u2019\u00e9quipe p\u00e9dagogique de l\u2019Orchestre fran\u00e7ais des jeunes (OFJ).<\/p>\n\n\n\n<p>Nicolas Moutier est \u00e0 l\u2019initiative de plusieurs projets originaux\u00a0: Pr\u00e9sident de l\u2019\u00a0\u00ab\u00a0Association des Trombonistes du Bas-Rhin\u00a0\u00bb et Vice-pr\u00e9sident de l\u2019\u00a0\u00ab\u00a0Association des Trombonistes Fran\u00e7ais\u00a0\u00bb, il est l\u2019un des organisateurs de l\u2019International Trombone Festival 2012, le pr\u00e9sident du\u00a0<a href=\"http:\/\/www.trombonefrance.com\/videos\/festival-europeen-du-trombone-strasbourg-2014-official-aftermovie.html\" target=\"_blank\" rel=\"noreferrer noopener\">Festival Europ\u00e9en du Trombone 2014<\/a>, et \u00e9galement le cr\u00e9ateur du site internet devenu aujourd\u2019hui r\u00e9f\u00e9rence professionnelle\u00a0:\u00a0<a href=\"http:\/\/www.lesitedutrombone.fr\/\" target=\"_blank\" rel=\"noreferrer noopener\">Le site du trombone<\/a>.<\/p>\n\n\n\n<p>Nicolas Moutier est \u00ab&nbsp;Artiste&nbsp;<a href=\"http:\/\/www.buffet-group.com\/fr\" target=\"_blank\" rel=\"noreferrer noopener\">Buffet Group<\/a>&nbsp;\u2013&nbsp;<a href=\"http:\/\/www.a-courtois.com\/\" target=\"_blank\" rel=\"noreferrer noopener\">Antoine Courtois<\/a>&nbsp;\u00bb.<\/p>\n\n\n\n<figure class=\"wp-block-image size-large\"><img loading=\"lazy\" decoding=\"async\" width=\"1024\" height=\"277\" src=\"http:\/\/lesitedutrombone.fr\/trombonefamily\/wp-content\/uploads\/2023\/10\/banniere-1-1024x277.jpg\" alt=\"\" class=\"wp-image-49\" srcset=\"https:\/\/lesitedutrombone.fr\/trombonefamily\/wp-content\/uploads\/2023\/10\/banniere-1-1024x277.jpg 1024w, https:\/\/lesitedutrombone.fr\/trombonefamily\/wp-content\/uploads\/2023\/10\/banniere-1-300x81.jpg 300w, https:\/\/lesitedutrombone.fr\/trombonefamily\/wp-content\/uploads\/2023\/10\/banniere-1-768x208.jpg 768w, https:\/\/lesitedutrombone.fr\/trombonefamily\/wp-content\/uploads\/2023\/10\/banniere-1-1536x416.jpg 1536w, https:\/\/lesitedutrombone.fr\/trombonefamily\/wp-content\/uploads\/2023\/10\/banniere-1-2048x555.jpg 2048w\" sizes=\"auto, (max-width: 1024px) 100vw, 1024px\" \/><\/figure>\n","protected":false},"excerpt":{"rendered":"<p>Pr\u00e9sident de \u00ab\u00a0Trombone Family\u00a0\u00bb Nicolas Moutier, tromboneNicolas Moutier est un passionn\u00e9, enracin\u00e9 dans la vie et dans la cr\u00e9ation artistique, il est reconnu aujourd\u2019hui comme l\u2019un des plus brillants musiciens de sa g\u00e9n\u00e9ration.Il entre \u00e0 17 ans au\u00a0Conservatoire National Sup\u00e9rieur de Musique et de Danse (CNSMD) de Paris\u00a0o\u00f9 il obtient les Prix de trombone (1er [&hellip;]<\/p>\n","protected":false},"author":1,"featured_media":0,"parent":0,"menu_order":0,"comment_status":"closed","ping_status":"closed","template":"","meta":{"footnotes":""},"class_list":["post-240","page","type-page","status-publish","hentry"],"_links":{"self":[{"href":"https:\/\/lesitedutrombone.fr\/trombonefamily\/wp-json\/wp\/v2\/pages\/240","targetHints":{"allow":["GET"]}}],"collection":[{"href":"https:\/\/lesitedutrombone.fr\/trombonefamily\/wp-json\/wp\/v2\/pages"}],"about":[{"href":"https:\/\/lesitedutrombone.fr\/trombonefamily\/wp-json\/wp\/v2\/types\/page"}],"author":[{"embeddable":true,"href":"https:\/\/lesitedutrombone.fr\/trombonefamily\/wp-json\/wp\/v2\/users\/1"}],"replies":[{"embeddable":true,"href":"https:\/\/lesitedutrombone.fr\/trombonefamily\/wp-json\/wp\/v2\/comments?post=240"}],"version-history":[{"count":3,"href":"https:\/\/lesitedutrombone.fr\/trombonefamily\/wp-json\/wp\/v2\/pages\/240\/revisions"}],"predecessor-version":[{"id":249,"href":"https:\/\/lesitedutrombone.fr\/trombonefamily\/wp-json\/wp\/v2\/pages\/240\/revisions\/249"}],"wp:attachment":[{"href":"https:\/\/lesitedutrombone.fr\/trombonefamily\/wp-json\/wp\/v2\/media?parent=240"}],"curies":[{"name":"wp","href":"https:\/\/api.w.org\/{rel}","templated":true}]}}