{"id":195,"date":"2024-04-22T02:02:09","date_gmt":"2024-04-22T00:02:09","guid":{"rendered":"https:\/\/lesitedutrombone.fr\/trombonefamily\/?page_id=195"},"modified":"2024-05-03T14:42:26","modified_gmt":"2024-05-03T12:42:26","slug":"expositions-et-essais-dinstruments-partitions-t-shirts-personnalites-animations","status":"publish","type":"page","link":"https:\/\/lesitedutrombone.fr\/trombonefamily\/expositions-et-essais-dinstruments-partitions-t-shirts-personnalites-animations\/","title":{"rendered":"Expositions et essais d\u2019instruments, partitions, t-shirts personnalit\u00e9s, animations\u2026"},"content":{"rendered":"\n<h5 class=\"wp-block-heading\">PENDANT LE FESTIVAL, CITE DE LA MUSIQUE ET DE LA DANSE (ConservAtoire)<\/h5>\n\n\n\n<figure class=\"wp-block-image size-large\"><img loading=\"lazy\" decoding=\"async\" width=\"1024\" height=\"277\" src=\"http:\/\/lesitedutrombone.fr\/trombonefamily\/wp-content\/uploads\/2023\/10\/banniere-1-1024x277.jpg\" alt=\"\" class=\"wp-image-49\" srcset=\"https:\/\/lesitedutrombone.fr\/trombonefamily\/wp-content\/uploads\/2023\/10\/banniere-1-1024x277.jpg 1024w, https:\/\/lesitedutrombone.fr\/trombonefamily\/wp-content\/uploads\/2023\/10\/banniere-1-300x81.jpg 300w, https:\/\/lesitedutrombone.fr\/trombonefamily\/wp-content\/uploads\/2023\/10\/banniere-1-768x208.jpg 768w, https:\/\/lesitedutrombone.fr\/trombonefamily\/wp-content\/uploads\/2023\/10\/banniere-1-1536x416.jpg 1536w, https:\/\/lesitedutrombone.fr\/trombonefamily\/wp-content\/uploads\/2023\/10\/banniere-1-2048x555.jpg 2048w\" sizes=\"auto, (max-width: 1024px) 100vw, 1024px\" \/><\/figure>\n\n\n\n<hr class=\"wp-block-separator has-alpha-channel-opacity\"\/>\n\n\n\n<h5 class=\"wp-block-heading\">Programme<\/h5>\n\n\n\n<p>Exposition et essai d&rsquo;instruments<br>&#8211; Antoine Courtois &#8211; Buffet Crampon<br>&#8211; Arp\u00e8ges &#8211; Armand Meyer<br>&#8211; Arp\u00e8ges Paris<br>&#8211; Bach<br>&#8211; Jupiter<br>&#8211; Shires<br>&#8211; Xo<br>&#8211; Yamaha<\/p>\n\n\n\n<figure class=\"wp-block-image size-large is-resized\"><img loading=\"lazy\" decoding=\"async\" width=\"1024\" height=\"749\" src=\"https:\/\/lesitedutrombone.fr\/trombonefamily\/wp-content\/uploads\/2024\/04\/409684176_873419004791522_5377034835720753113_n-1024x749.jpg\" alt=\"\" class=\"wp-image-214\" style=\"width:271px;height:auto\" srcset=\"https:\/\/lesitedutrombone.fr\/trombonefamily\/wp-content\/uploads\/2024\/04\/409684176_873419004791522_5377034835720753113_n-1024x749.jpg 1024w, https:\/\/lesitedutrombone.fr\/trombonefamily\/wp-content\/uploads\/2024\/04\/409684176_873419004791522_5377034835720753113_n-300x219.jpg 300w, https:\/\/lesitedutrombone.fr\/trombonefamily\/wp-content\/uploads\/2024\/04\/409684176_873419004791522_5377034835720753113_n-768x562.jpg 768w, https:\/\/lesitedutrombone.fr\/trombonefamily\/wp-content\/uploads\/2024\/04\/409684176_873419004791522_5377034835720753113_n.jpg 1140w\" sizes=\"auto, (max-width: 1024px) 100vw, 1024px\" \/><\/figure>\n\n\n\n<hr class=\"wp-block-separator has-alpha-channel-opacity\"\/>\n\n\n\n<p>Atelier r\u00e9paration d&rsquo;instruments (par Arp\u00e8ges &#8211; Armand Meyer)<\/p>\n\n\n\n<figure class=\"wp-block-image size-full is-resized\"><img loading=\"lazy\" decoding=\"async\" width=\"764\" height=\"429\" src=\"https:\/\/lesitedutrombone.fr\/trombonefamily\/wp-content\/uploads\/2024\/04\/Sans-titre-1.jpg\" alt=\"\" class=\"wp-image-208\" style=\"width:274px;height:auto\" srcset=\"https:\/\/lesitedutrombone.fr\/trombonefamily\/wp-content\/uploads\/2024\/04\/Sans-titre-1.jpg 764w, https:\/\/lesitedutrombone.fr\/trombonefamily\/wp-content\/uploads\/2024\/04\/Sans-titre-1-300x168.jpg 300w\" sizes=\"auto, (max-width: 764px) 100vw, 764px\" \/><\/figure>\n\n\n\n<hr class=\"wp-block-separator has-alpha-channel-opacity\"\/>\n\n\n\n<p>Visite des usines en r\u00e9alit\u00e9 virtuelle (par Antoine Courtois &#8211; Buffet Crampon)<\/p>\n\n\n\n<figure class=\"wp-block-image size-large is-resized\"><img loading=\"lazy\" decoding=\"async\" width=\"1024\" height=\"683\" src=\"https:\/\/lesitedutrombone.fr\/trombonefamily\/wp-content\/uploads\/2024\/04\/Quand-realite-virtuelle-augmentee-aident-vente-F-1024x683.jpg\" alt=\"\" class=\"wp-image-206\" style=\"width:272px;height:auto\" srcset=\"https:\/\/lesitedutrombone.fr\/trombonefamily\/wp-content\/uploads\/2024\/04\/Quand-realite-virtuelle-augmentee-aident-vente-F-1024x683.jpg 1024w, https:\/\/lesitedutrombone.fr\/trombonefamily\/wp-content\/uploads\/2024\/04\/Quand-realite-virtuelle-augmentee-aident-vente-F-300x200.jpg 300w, https:\/\/lesitedutrombone.fr\/trombonefamily\/wp-content\/uploads\/2024\/04\/Quand-realite-virtuelle-augmentee-aident-vente-F-768x512.jpg 768w, https:\/\/lesitedutrombone.fr\/trombonefamily\/wp-content\/uploads\/2024\/04\/Quand-realite-virtuelle-augmentee-aident-vente-F.jpg 1100w\" sizes=\"auto, (max-width: 1024px) 100vw, 1024px\" \/><\/figure>\n\n\n\n<hr class=\"wp-block-separator has-alpha-channel-opacity\"\/>\n\n\n\n<p>Tshirts personnalis\u00e9s (par Slide to play)<\/p>\n\n\n\n<figure class=\"wp-block-image size-full is-resized\"><img loading=\"lazy\" decoding=\"async\" width=\"511\" height=\"349\" src=\"https:\/\/lesitedutrombone.fr\/trombonefamily\/wp-content\/uploads\/2024\/04\/Sans-titre-1-1.jpg\" alt=\"\" class=\"wp-image-209\" style=\"width:268px;height:auto\" srcset=\"https:\/\/lesitedutrombone.fr\/trombonefamily\/wp-content\/uploads\/2024\/04\/Sans-titre-1-1.jpg 511w, https:\/\/lesitedutrombone.fr\/trombonefamily\/wp-content\/uploads\/2024\/04\/Sans-titre-1-1-300x205.jpg 300w\" sizes=\"auto, (max-width: 511px) 100vw, 511px\" \/><\/figure>\n\n\n\n<hr class=\"wp-block-separator has-alpha-channel-opacity\"\/>\n\n\n\n<p>Vente de g\u00e2teaux (par l&rsquo;APECS)<\/p>\n\n\n\n<figure class=\"wp-block-image size-large is-resized\"><img loading=\"lazy\" decoding=\"async\" width=\"1024\" height=\"734\" src=\"https:\/\/lesitedutrombone.fr\/trombonefamily\/wp-content\/uploads\/2024\/04\/gateau_au_chocolat1-1-1024x734.jpg\" alt=\"\" class=\"wp-image-212\" style=\"width:266px;height:auto\" srcset=\"https:\/\/lesitedutrombone.fr\/trombonefamily\/wp-content\/uploads\/2024\/04\/gateau_au_chocolat1-1-1024x734.jpg 1024w, https:\/\/lesitedutrombone.fr\/trombonefamily\/wp-content\/uploads\/2024\/04\/gateau_au_chocolat1-1-300x215.jpg 300w, https:\/\/lesitedutrombone.fr\/trombonefamily\/wp-content\/uploads\/2024\/04\/gateau_au_chocolat1-1-768x550.jpg 768w, https:\/\/lesitedutrombone.fr\/trombonefamily\/wp-content\/uploads\/2024\/04\/gateau_au_chocolat1-1.jpg 1080w\" sizes=\"auto, (max-width: 1024px) 100vw, 1024px\" \/><\/figure>\n\n\n\n<hr class=\"wp-block-separator has-alpha-channel-opacity\"\/>\n\n\n\n<p>Vin d&rsquo;honneur (par Le Pr\u00e9lude des Beiner et Bi\u00e8res Perle)<\/p>\n\n\n\n<figure class=\"wp-block-image size-large is-resized\"><img loading=\"lazy\" decoding=\"async\" width=\"1024\" height=\"755\" src=\"https:\/\/lesitedutrombone.fr\/trombonefamily\/wp-content\/uploads\/2024\/04\/prepre-1024x755.jpg\" alt=\"\" class=\"wp-image-213\" style=\"width:266px;height:auto\" srcset=\"https:\/\/lesitedutrombone.fr\/trombonefamily\/wp-content\/uploads\/2024\/04\/prepre-1024x755.jpg 1024w, https:\/\/lesitedutrombone.fr\/trombonefamily\/wp-content\/uploads\/2024\/04\/prepre-300x221.jpg 300w, https:\/\/lesitedutrombone.fr\/trombonefamily\/wp-content\/uploads\/2024\/04\/prepre-768x566.jpg 768w, https:\/\/lesitedutrombone.fr\/trombonefamily\/wp-content\/uploads\/2024\/04\/prepre-1536x1132.jpg 1536w, https:\/\/lesitedutrombone.fr\/trombonefamily\/wp-content\/uploads\/2024\/04\/prepre.jpg 2040w\" sizes=\"auto, (max-width: 1024px) 100vw, 1024px\" \/><\/figure>\n\n\n\n<hr class=\"wp-block-separator has-alpha-channel-opacity\"\/>\n\n\n\n<figure class=\"wp-block-image size-large\"><img loading=\"lazy\" decoding=\"async\" width=\"1024\" height=\"918\" src=\"http:\/\/lesitedutrombone.fr\/trombonefamily\/wp-content\/uploads\/2024\/04\/partenaires-1-1024x918.jpg\" alt=\"\" class=\"wp-image-92\" srcset=\"https:\/\/lesitedutrombone.fr\/trombonefamily\/wp-content\/uploads\/2024\/04\/partenaires-1-1024x918.jpg 1024w, https:\/\/lesitedutrombone.fr\/trombonefamily\/wp-content\/uploads\/2024\/04\/partenaires-1-300x269.jpg 300w, https:\/\/lesitedutrombone.fr\/trombonefamily\/wp-content\/uploads\/2024\/04\/partenaires-1-768x688.jpg 768w, https:\/\/lesitedutrombone.fr\/trombonefamily\/wp-content\/uploads\/2024\/04\/partenaires-1-1536x1376.jpg 1536w, https:\/\/lesitedutrombone.fr\/trombonefamily\/wp-content\/uploads\/2024\/04\/partenaires-1-2048x1835.jpg 2048w\" sizes=\"auto, (max-width: 1024px) 100vw, 1024px\" \/><\/figure>\n\n\n\n<figure class=\"wp-block-image size-large\"><img loading=\"lazy\" decoding=\"async\" width=\"1024\" height=\"277\" src=\"http:\/\/lesitedutrombone.fr\/trombonefamily\/wp-content\/uploads\/2023\/10\/banniere-1-1024x277.jpg\" alt=\"\" class=\"wp-image-49\" srcset=\"https:\/\/lesitedutrombone.fr\/trombonefamily\/wp-content\/uploads\/2023\/10\/banniere-1-1024x277.jpg 1024w, https:\/\/lesitedutrombone.fr\/trombonefamily\/wp-content\/uploads\/2023\/10\/banniere-1-300x81.jpg 300w, https:\/\/lesitedutrombone.fr\/trombonefamily\/wp-content\/uploads\/2023\/10\/banniere-1-768x208.jpg 768w, https:\/\/lesitedutrombone.fr\/trombonefamily\/wp-content\/uploads\/2023\/10\/banniere-1-1536x416.jpg 1536w, https:\/\/lesitedutrombone.fr\/trombonefamily\/wp-content\/uploads\/2023\/10\/banniere-1-2048x555.jpg 2048w\" sizes=\"auto, (max-width: 1024px) 100vw, 1024px\" \/><\/figure>\n","protected":false},"excerpt":{"rendered":"<p>PENDANT LE FESTIVAL, CITE DE LA MUSIQUE ET DE LA DANSE (ConservAtoire) Programme Exposition et essai d&rsquo;instruments&#8211; Antoine Courtois &#8211; Buffet Crampon&#8211; Arp\u00e8ges &#8211; Armand Meyer&#8211; Arp\u00e8ges Paris&#8211; Bach&#8211; Jupiter&#8211; Shires&#8211; Xo&#8211; Yamaha Atelier r\u00e9paration d&rsquo;instruments (par Arp\u00e8ges &#8211; Armand Meyer) Visite des usines en r\u00e9alit\u00e9 virtuelle (par Antoine Courtois &#8211; Buffet Crampon) Tshirts personnalis\u00e9s [&hellip;]<\/p>\n","protected":false},"author":1,"featured_media":0,"parent":0,"menu_order":0,"comment_status":"closed","ping_status":"closed","template":"","meta":{"footnotes":""},"class_list":["post-195","page","type-page","status-publish","hentry"],"_links":{"self":[{"href":"https:\/\/lesitedutrombone.fr\/trombonefamily\/wp-json\/wp\/v2\/pages\/195","targetHints":{"allow":["GET"]}}],"collection":[{"href":"https:\/\/lesitedutrombone.fr\/trombonefamily\/wp-json\/wp\/v2\/pages"}],"about":[{"href":"https:\/\/lesitedutrombone.fr\/trombonefamily\/wp-json\/wp\/v2\/types\/page"}],"author":[{"embeddable":true,"href":"https:\/\/lesitedutrombone.fr\/trombonefamily\/wp-json\/wp\/v2\/users\/1"}],"replies":[{"embeddable":true,"href":"https:\/\/lesitedutrombone.fr\/trombonefamily\/wp-json\/wp\/v2\/comments?post=195"}],"version-history":[{"count":4,"href":"https:\/\/lesitedutrombone.fr\/trombonefamily\/wp-json\/wp\/v2\/pages\/195\/revisions"}],"predecessor-version":[{"id":260,"href":"https:\/\/lesitedutrombone.fr\/trombonefamily\/wp-json\/wp\/v2\/pages\/195\/revisions\/260"}],"wp:attachment":[{"href":"https:\/\/lesitedutrombone.fr\/trombonefamily\/wp-json\/wp\/v2\/media?parent=195"}],"curies":[{"name":"wp","href":"https:\/\/api.w.org\/{rel}","templated":true}]}}