{"id":165,"date":"2024-04-22T01:04:46","date_gmt":"2024-04-21T23:04:46","guid":{"rendered":"https:\/\/lesitedutrombone.fr\/trombonefamily\/?page_id=165"},"modified":"2024-05-08T17:30:41","modified_gmt":"2024-05-08T15:30:41","slug":"concours-de-quatuor","status":"publish","type":"page","link":"https:\/\/lesitedutrombone.fr\/trombonefamily\/concours-de-quatuor\/","title":{"rendered":"Concours de quatuor"},"content":{"rendered":"\n<h5 class=\"wp-block-heading\">samedi 18 mai 2024 8h30-13h30, 14h30-19h, auditorium<br>&amp;<br>Dimanche 19 mai 2024 9h-13h30, 19h-22h, auditorium<\/h5>\n\n\n\n<figure class=\"wp-block-image size-large\"><img loading=\"lazy\" decoding=\"async\" width=\"1024\" height=\"277\" src=\"http:\/\/lesitedutrombone.fr\/trombonefamily\/wp-content\/uploads\/2023\/10\/banniere-1-1024x277.jpg\" alt=\"\" class=\"wp-image-49\" srcset=\"https:\/\/lesitedutrombone.fr\/trombonefamily\/wp-content\/uploads\/2023\/10\/banniere-1-1024x277.jpg 1024w, https:\/\/lesitedutrombone.fr\/trombonefamily\/wp-content\/uploads\/2023\/10\/banniere-1-300x81.jpg 300w, https:\/\/lesitedutrombone.fr\/trombonefamily\/wp-content\/uploads\/2023\/10\/banniere-1-768x208.jpg 768w, https:\/\/lesitedutrombone.fr\/trombonefamily\/wp-content\/uploads\/2023\/10\/banniere-1-1536x416.jpg 1536w, https:\/\/lesitedutrombone.fr\/trombonefamily\/wp-content\/uploads\/2023\/10\/banniere-1-2048x555.jpg 2048w\" sizes=\"auto, (max-width: 1024px) 100vw, 1024px\" \/><\/figure>\n\n\n\n<hr class=\"wp-block-separator has-alpha-channel-opacity\"\/>\n\n\n\n<h5 class=\"wp-block-heading\">Programme<\/h5>\n\n\n\n<p>Fort de sa renomm\u00e9e, le concours, pr\u00e9sid\u00e9 par Michel Becquet, a lieu tous les 2 ans et rassemble des dizaines de quatuors de toute la France et de diff\u00e9rents niveaux (4 cat\u00e9gories selon les \u00e2ges).<br>Une nouvelle cat\u00e9gorie a \u00e9t\u00e9 cr\u00e9\u00e9e \u00e0 Strasbourg : la cat\u00e9gorie \u00ab\u00a0Elite Europe \u00ab\u00a0, ouverte aux jeunes \u00e9tudiants des hautes \u00e9coles de musique d&rsquo;Europe.<br>Les 33 quatuors (soit 132 candidats) venant de toute la l\u2019Europe s&rsquo;affrontent en 5 cat\u00e9gories :<br>&#8211; Bretzel (3 ans d\u2019instrument maximum, enfants ou adultes sans limite d\u2019\u00e2ge)<br>&#8211; Mezzo (la somme des \u00e2ges ne doit pas exc\u00e9der 54 ans)<br>&#8211; Espoirs (la somme des \u00e2ges ne doit pas exc\u00e9der 70 ans)<br>&#8211; Prestige (la somme des \u00e2ges ne doit pas exc\u00e9der 94 ans)<br>&#8211; Elite Europe, european competition (\u00e9tudiants des \u00e9coles sup\u00e9rieures d&rsquo;Europe, sans limite d&rsquo;\u00e2ge)<\/p>\n\n\n\n<p>Samedi 18 mai 2024<br>8h30 : \u00e9liminatoires (cat\u00e9gories Elite Europe, Prestige, Espoir)<br>14h30 : demi-finale (cat\u00e9gories Elite Europe, Prestige, Espoir)<br><br>Dimanche 19 mai 2024<br>9h : \u00e9liminatoires (cat\u00e9gories Bretzel, Mezzo)<br>19h : finale (toutes les cat\u00e9gories)<\/p>\n\n\n\n<hr class=\"wp-block-separator has-alpha-channel-opacity\"\/>\n\n\n\n<h5 class=\"wp-block-heading\">Artistes<\/h5>\n\n\n\n<figure class=\"wp-block-image size-full\"><img loading=\"lazy\" decoding=\"async\" width=\"800\" height=\"800\" src=\"http:\/\/lesitedutrombone.fr\/trombonefamily\/wp-content\/uploads\/2024\/04\/IMG_5278.jpg\" alt=\"\" class=\"wp-image-180\" srcset=\"https:\/\/lesitedutrombone.fr\/trombonefamily\/wp-content\/uploads\/2024\/04\/IMG_5278.jpg 800w, https:\/\/lesitedutrombone.fr\/trombonefamily\/wp-content\/uploads\/2024\/04\/IMG_5278-300x300.jpg 300w, https:\/\/lesitedutrombone.fr\/trombonefamily\/wp-content\/uploads\/2024\/04\/IMG_5278-150x150.jpg 150w, https:\/\/lesitedutrombone.fr\/trombonefamily\/wp-content\/uploads\/2024\/04\/IMG_5278-768x768.jpg 768w\" sizes=\"auto, (max-width: 800px) 100vw, 800px\" \/><\/figure>\n\n\n\n<p>Plus de 120 candidats de toute l&rsquo;Europe <\/p>\n\n\n\n<hr class=\"wp-block-separator has-alpha-channel-opacity\"\/>\n\n\n\n<p><strong>JURY<\/strong><\/p>\n\n\n\n<p><strong>Michel Becquet (pr\u00e9sident)<\/strong><br>Soliste international, laur\u00e9at de plusieurs concours internationaux, ancien professeur au CNSMD de Lyon, membre du Quatuor de trombones de Paris<br><br><strong>Renaud Bernad<\/strong><br>Trombone de l&rsquo;Orchestre Philharmonique de Strasbourg, professeur au Conservatoire de Strasbourg<br><br><strong>Jeffrey Kant<\/strong><br>Trombone solo du WDR Sinfonieorchester K\u00f6ln, membre du New Trombone Collective et du Quatuor Bruckner<br><br><strong>Philippe Lorthios<\/strong><br>Trombone membre de Qu4tre \u00e0 4<br><br><strong>Fabrice Millischer<\/strong><br>Soliste international, professeur au CNSMD de Paris et \u00e0 la Hochschule de Freiburg<br><br><strong>Louise Ognois<\/strong><br>Trombone solo de l&rsquo;Orchestre Philharmonique de Marseille puis de l\u2019Orchestre National du Capitole de Toulouse<\/p>\n\n\n\n<hr class=\"wp-block-separator has-alpha-channel-opacity\"\/>\n\n\n\n<p>&gt; <a href=\"https:\/\/lesitedutrombone.fr\/trombonefamily\/concours-national-de-quatuor-de-trombone-european-competition\/\" data-type=\"page\" data-id=\"38\">plus d&rsquo;infos sur le concours de quatuor<\/a><\/p>\n\n\n\n<hr class=\"wp-block-separator has-alpha-channel-opacity\"\/>\n\n\n\n<p><strong>PARTENAIRES<\/strong><\/p>\n\n\n\n<figure class=\"wp-block-image size-large\"><img loading=\"lazy\" decoding=\"async\" width=\"1024\" height=\"934\" src=\"https:\/\/lesitedutrombone.fr\/trombonefamily\/wp-content\/uploads\/2024\/05\/partenaires-1024x934.jpg\" alt=\"\" class=\"wp-image-277\" srcset=\"https:\/\/lesitedutrombone.fr\/trombonefamily\/wp-content\/uploads\/2024\/05\/partenaires-1024x934.jpg 1024w, https:\/\/lesitedutrombone.fr\/trombonefamily\/wp-content\/uploads\/2024\/05\/partenaires-300x274.jpg 300w, https:\/\/lesitedutrombone.fr\/trombonefamily\/wp-content\/uploads\/2024\/05\/partenaires-768x700.jpg 768w, https:\/\/lesitedutrombone.fr\/trombonefamily\/wp-content\/uploads\/2024\/05\/partenaires-1536x1401.jpg 1536w, https:\/\/lesitedutrombone.fr\/trombonefamily\/wp-content\/uploads\/2024\/05\/partenaires-2048x1868.jpg 2048w\" sizes=\"auto, (max-width: 1024px) 100vw, 1024px\" \/><\/figure>\n\n\n\n<figure class=\"wp-block-image size-large\"><img loading=\"lazy\" decoding=\"async\" width=\"1024\" height=\"277\" src=\"http:\/\/lesitedutrombone.fr\/trombonefamily\/wp-content\/uploads\/2023\/10\/banniere-1-1024x277.jpg\" alt=\"\" class=\"wp-image-49\" srcset=\"https:\/\/lesitedutrombone.fr\/trombonefamily\/wp-content\/uploads\/2023\/10\/banniere-1-1024x277.jpg 1024w, https:\/\/lesitedutrombone.fr\/trombonefamily\/wp-content\/uploads\/2023\/10\/banniere-1-300x81.jpg 300w, https:\/\/lesitedutrombone.fr\/trombonefamily\/wp-content\/uploads\/2023\/10\/banniere-1-768x208.jpg 768w, https:\/\/lesitedutrombone.fr\/trombonefamily\/wp-content\/uploads\/2023\/10\/banniere-1-1536x416.jpg 1536w, https:\/\/lesitedutrombone.fr\/trombonefamily\/wp-content\/uploads\/2023\/10\/banniere-1-2048x555.jpg 2048w\" sizes=\"auto, (max-width: 1024px) 100vw, 1024px\" \/><\/figure>\n","protected":false},"excerpt":{"rendered":"<p>samedi 18 mai 2024 8h30-13h30, 14h30-19h, auditorium&amp;Dimanche 19 mai 2024 9h-13h30, 19h-22h, auditorium Programme Fort de sa renomm\u00e9e, le concours, pr\u00e9sid\u00e9 par Michel Becquet, a lieu tous les 2 ans et rassemble des dizaines de quatuors de toute la France et de diff\u00e9rents niveaux (4 cat\u00e9gories selon les \u00e2ges).Une nouvelle cat\u00e9gorie a \u00e9t\u00e9 cr\u00e9\u00e9e \u00e0 [&hellip;]<\/p>\n","protected":false},"author":1,"featured_media":0,"parent":0,"menu_order":0,"comment_status":"closed","ping_status":"closed","template":"","meta":{"footnotes":""},"class_list":["post-165","page","type-page","status-publish","hentry"],"_links":{"self":[{"href":"https:\/\/lesitedutrombone.fr\/trombonefamily\/wp-json\/wp\/v2\/pages\/165","targetHints":{"allow":["GET"]}}],"collection":[{"href":"https:\/\/lesitedutrombone.fr\/trombonefamily\/wp-json\/wp\/v2\/pages"}],"about":[{"href":"https:\/\/lesitedutrombone.fr\/trombonefamily\/wp-json\/wp\/v2\/types\/page"}],"author":[{"embeddable":true,"href":"https:\/\/lesitedutrombone.fr\/trombonefamily\/wp-json\/wp\/v2\/users\/1"}],"replies":[{"embeddable":true,"href":"https:\/\/lesitedutrombone.fr\/trombonefamily\/wp-json\/wp\/v2\/comments?post=165"}],"version-history":[{"count":7,"href":"https:\/\/lesitedutrombone.fr\/trombonefamily\/wp-json\/wp\/v2\/pages\/165\/revisions"}],"predecessor-version":[{"id":278,"href":"https:\/\/lesitedutrombone.fr\/trombonefamily\/wp-json\/wp\/v2\/pages\/165\/revisions\/278"}],"wp:attachment":[{"href":"https:\/\/lesitedutrombone.fr\/trombonefamily\/wp-json\/wp\/v2\/media?parent=165"}],"curies":[{"name":"wp","href":"https:\/\/api.w.org\/{rel}","templated":true}]}}