{"id":150,"date":"2024-04-22T00:36:09","date_gmt":"2024-04-21T22:36:09","guid":{"rendered":"https:\/\/lesitedutrombone.fr\/trombonefamily\/?page_id=150"},"modified":"2024-05-13T10:32:37","modified_gmt":"2024-05-13T08:32:37","slug":"concert-samedi-20h","status":"publish","type":"page","link":"https:\/\/lesitedutrombone.fr\/trombonefamily\/concert-samedi-20h\/","title":{"rendered":"Concert samedi 20h"},"content":{"rendered":"\n<h5 class=\"wp-block-heading\">samedi 18 mai 2024 20h-21h15, auditorium<\/h5>\n\n\n\n<figure class=\"wp-block-image size-large\"><img loading=\"lazy\" decoding=\"async\" width=\"1024\" height=\"277\" src=\"http:\/\/lesitedutrombone.fr\/trombonefamily\/wp-content\/uploads\/2023\/10\/banniere-1-1024x277.jpg\" alt=\"\" class=\"wp-image-49\" srcset=\"https:\/\/lesitedutrombone.fr\/trombonefamily\/wp-content\/uploads\/2023\/10\/banniere-1-1024x277.jpg 1024w, https:\/\/lesitedutrombone.fr\/trombonefamily\/wp-content\/uploads\/2023\/10\/banniere-1-300x81.jpg 300w, https:\/\/lesitedutrombone.fr\/trombonefamily\/wp-content\/uploads\/2023\/10\/banniere-1-768x208.jpg 768w, https:\/\/lesitedutrombone.fr\/trombonefamily\/wp-content\/uploads\/2023\/10\/banniere-1-1536x416.jpg 1536w, https:\/\/lesitedutrombone.fr\/trombonefamily\/wp-content\/uploads\/2023\/10\/banniere-1-2048x555.jpg 2048w\" sizes=\"auto, (max-width: 1024px) 100vw, 1024px\" \/><\/figure>\n\n\n\n<figure class=\"wp-block-embed is-type-video is-provider-youtube wp-block-embed-youtube wp-embed-aspect-16-9 wp-has-aspect-ratio\"><div class=\"wp-block-embed__wrapper\">\n<iframe loading=\"lazy\" title=\"Samedi 18 mai 2024 @Trombone Family\" width=\"500\" height=\"281\" src=\"https:\/\/www.youtube.com\/embed\/5ywtWs19fMY?feature=oembed\" frameborder=\"0\" allow=\"accelerometer; autoplay; clipboard-write; encrypted-media; gyroscope; picture-in-picture; web-share\" referrerpolicy=\"strict-origin-when-cross-origin\" allowfullscreen><\/iframe>\n<\/div><\/figure>\n\n\n\n<hr class=\"wp-block-separator has-alpha-channel-opacity\"\/>\n\n\n\n<h5 class=\"wp-block-heading\">Programme<\/h5>\n\n\n\n<p>Ensemble de trombones-tuba de la HEAR (Haute \u00e9cole des arts du Rhin, dir. Nicolas Moutier)<br>&#8211; Steven Verhelst&nbsp;: ITE Fanfare<br>&#8211; Eric Whitacre&nbsp;: Sleep<br>&#8211; Johannes Brahms&nbsp;: Danse hongroise<br><br>Quatuor de trombone (Hochschule f\u00fcr musik Mannheim)<br>&#8211; Quatuor pour trombones &#8211; Pierre Max Dubois : 8&rsquo;00<br>&#8211; Tokyo Triptych (1e mvt) &#8211; Philip Sparke : 2&rsquo;10<br>&#8211; Comedy for trombones &#8211; James Christensen (arr : Mark McDunn) : 1&rsquo;30<br><br>Aaron Quartet<br>&#8211; Steven Verhelst : Trombone Quartet N\u00b02<br>&#8211; Astor Piazzolla : Oblivion (soliste&nbsp;: Louise Ognois)<br>&#8211; Georg Goltermann : S\u00e9r\u00e9nade for four Cellos, Op. 119, No 2<br><br>EBE ensemble (Hochschule f\u00fcr musik Freiburg)<br>&#8211; Pirates des Cara\u00eebes H. Zimmer \/ K. Badelt arr. S. Verhelst<br>&#8211; Taiwan Song arr. A. Van Iseghem<br><br>Wonder Brass Ensemble<\/p>\n\n\n\n<hr class=\"wp-block-separator has-alpha-channel-opacity\"\/>\n\n\n\n<h5 class=\"wp-block-heading\">Artistes<\/h5>\n\n\n\n<figure class=\"wp-block-image size-large\"><img loading=\"lazy\" decoding=\"async\" width=\"1024\" height=\"683\" src=\"https:\/\/lesitedutrombone.fr\/trombonefamily\/wp-content\/uploads\/2024\/04\/IMG_9352-1024x683.jpg\" alt=\"\" class=\"wp-image-151\" srcset=\"https:\/\/lesitedutrombone.fr\/trombonefamily\/wp-content\/uploads\/2024\/04\/IMG_9352-1024x683.jpg 1024w, https:\/\/lesitedutrombone.fr\/trombonefamily\/wp-content\/uploads\/2024\/04\/IMG_9352-300x200.jpg 300w, https:\/\/lesitedutrombone.fr\/trombonefamily\/wp-content\/uploads\/2024\/04\/IMG_9352-768x512.jpg 768w, https:\/\/lesitedutrombone.fr\/trombonefamily\/wp-content\/uploads\/2024\/04\/IMG_9352-1536x1024.jpg 1536w, https:\/\/lesitedutrombone.fr\/trombonefamily\/wp-content\/uploads\/2024\/04\/IMG_9352-2048x1365.jpg 2048w\" sizes=\"auto, (max-width: 1024px) 100vw, 1024px\" \/><\/figure>\n\n\n\n<p><strong>Ensemble de trombones-tuba de la HEAR<\/strong> <strong>(dir. Nicolas Moutier)<\/strong><br>La classe&nbsp;de trombone de l&rsquo;Acad\u00e9mie sup\u00e9rieure de musique de Strasbourg (Haute \u00e9cole des arts du Rhin) rassemble&nbsp;des&nbsp;\u00e9tudiants&nbsp;de toute la France et de l&rsquo;\u00e9tranger venus suivre une formation artistique tr\u00e8s compl\u00e8te. L\u2019exigence et la cr\u00e9ativit\u00e9 pr\u00e9parent les futurs musiciens professionnels aux concours internationaux, \u00e0 l&rsquo;int\u00e9gration dans un orchestre professionnel, et \u00e0 l&rsquo;enseignement. Aussi, le d\u00e9veloppement d&rsquo;une ouverture artistique permettra aux jeunes \u00e9tudiants dipl\u00f4m\u00e9s (Licence\/DNSPM, Master, et Dipl\u00f4me d\u2019\u00c9tat) de s&rsquo;\u00e9panouir dans leur passion.<br>L&rsquo;ensemble de trombones-tuba se produit r\u00e9guli\u00e8rement en France et en Europe lors de festivals et d&rsquo;\u00e9changes p\u00e9dagogiques&nbsp;: IPV-Symposium \u00e0 Mannheim (Festival de l&rsquo;Association Internationale Allemande du Trombone, Allemagne), FIMU \u00e0 Belfort (Festival International de Musique Universitaire, France), Trombone Festival \u00e0 Lausanne (Suisse), etc.<\/p>\n\n\n\n<p><\/p>\n\n\n\n<figure class=\"wp-block-image size-large\"><img loading=\"lazy\" decoding=\"async\" width=\"1024\" height=\"683\" src=\"https:\/\/lesitedutrombone.fr\/trombonefamily\/wp-content\/uploads\/2024\/05\/IMG-20240506-WA0004-1024x683.jpg\" alt=\"\" class=\"wp-image-275\" srcset=\"https:\/\/lesitedutrombone.fr\/trombonefamily\/wp-content\/uploads\/2024\/05\/IMG-20240506-WA0004-1024x683.jpg 1024w, https:\/\/lesitedutrombone.fr\/trombonefamily\/wp-content\/uploads\/2024\/05\/IMG-20240506-WA0004-300x200.jpg 300w, https:\/\/lesitedutrombone.fr\/trombonefamily\/wp-content\/uploads\/2024\/05\/IMG-20240506-WA0004-768x512.jpg 768w, https:\/\/lesitedutrombone.fr\/trombonefamily\/wp-content\/uploads\/2024\/05\/IMG-20240506-WA0004-1536x1025.jpg 1536w, https:\/\/lesitedutrombone.fr\/trombonefamily\/wp-content\/uploads\/2024\/05\/IMG-20240506-WA0004.jpg 2048w\" sizes=\"auto, (max-width: 1024px) 100vw, 1024px\" \/><\/figure>\n\n\n\n<p><strong>Quatuor de trombone (Hochschule f\u00fcr musik Mannheim)<\/strong><br>Faisant partie de la grande classe d\u2019Ehrhard Wetz \u00e0 la Musikhochschule de Mannheim en Allemagne, ces quatre \u00e9l\u00e8ves se sont r\u00e9unis autour d\u2019une m\u00eame passion : la musique de chambre.&nbsp;<br>Du Japon \u00e0 la France en passant par l\u2019Ukraine, ces jeunes artistes unissent leurs cultures et leur cr\u00e9ativit\u00e9 autour d\u2019un programme international et vari\u00e9.<br>Ils ont l\u2019habitude de jouer ensemble par l\u2019interm\u00e9diaire de Mannheimerblech dirig\u00e9 par leur professeur et se produisant tr\u00e8s r\u00e9guli\u00e8rement dans toute l\u2019Allemagne.<br>Ils sont actuellement en pleine pr\u00e9paration de concours de quatuor, dont l\u2019un se d\u00e9roulera en septembre prochain \u00e0 Francfort.<\/p>\n\n\n\n<p>Les musiciens :<br>Soline Uhlmann&nbsp;<br>C\u00e9line Felden&nbsp;<br>Saho Nakamura<br>Stepan Rura<\/p>\n\n\n\n<p><\/p>\n\n\n\n<figure class=\"wp-block-image size-full\"><img loading=\"lazy\" decoding=\"async\" width=\"940\" height=\"788\" src=\"https:\/\/lesitedutrombone.fr\/trombonefamily\/wp-content\/uploads\/2024\/04\/telechargement-1.png\" alt=\"\" class=\"wp-image-152\" srcset=\"https:\/\/lesitedutrombone.fr\/trombonefamily\/wp-content\/uploads\/2024\/04\/telechargement-1.png 940w, https:\/\/lesitedutrombone.fr\/trombonefamily\/wp-content\/uploads\/2024\/04\/telechargement-1-300x251.png 300w, https:\/\/lesitedutrombone.fr\/trombonefamily\/wp-content\/uploads\/2024\/04\/telechargement-1-768x644.png 768w\" sizes=\"auto, (max-width: 940px) 100vw, 940px\" \/><\/figure>\n\n\n\n<p><strong>Aaron quartet<\/strong>, quatuor de trombones<br>Cr\u00e9\u00e9 sous l&rsquo;impulsion de quatre amis issus des conservatoires sup\u00e9rieurs de Lyon et de Paris, l&rsquo;ensemble Aaron Quartet a pour objectif de faire d\u00e9couvrir le trombone et son r\u00e9pertoire \u00e0 travers plusieurs styles et univers diff\u00e9rents.<br>Depuis 2017, le quatuor se produit r\u00e9guli\u00e8rement lors de concerts, festivals, dans des cadres professionnels et amateurs. Les musiciens ont \u00e0 coeur de transmettre leur passion et leur savoir faire en participant \u00e0 des ateliers p\u00e9dagogiques, master class, d\u00e9stin\u00e9s aussi bien aux n\u00e9ophytes qu&rsquo;aux m\u00e9lomanes avertis.<br>Aaron Quartet encourage la cr\u00e9ation, et collabore avec des compositeurs dans le but de proposer des r\u00e9pertoires novateurs et in\u00e9dits.<\/p>\n\n\n\n<p><\/p>\n\n\n\n<figure class=\"wp-block-image size-large\"><img loading=\"lazy\" decoding=\"async\" width=\"1024\" height=\"1024\" src=\"https:\/\/lesitedutrombone.fr\/trombonefamily\/wp-content\/uploads\/2024\/04\/telechargement-1024x1024.png\" alt=\"\" class=\"wp-image-156\" srcset=\"https:\/\/lesitedutrombone.fr\/trombonefamily\/wp-content\/uploads\/2024\/04\/telechargement-1024x1024.png 1024w, https:\/\/lesitedutrombone.fr\/trombonefamily\/wp-content\/uploads\/2024\/04\/telechargement-300x300.png 300w, https:\/\/lesitedutrombone.fr\/trombonefamily\/wp-content\/uploads\/2024\/04\/telechargement-150x150.png 150w, https:\/\/lesitedutrombone.fr\/trombonefamily\/wp-content\/uploads\/2024\/04\/telechargement-768x768.png 768w, https:\/\/lesitedutrombone.fr\/trombonefamily\/wp-content\/uploads\/2024\/04\/telechargement.png 1050w\" sizes=\"auto, (max-width: 1024px) 100vw, 1024px\" \/><\/figure>\n\n\n\n<p><strong>Louise Ognois<\/strong><br>Louise d\u00e9bute le trombone en 2006 et entre au CRR de Lille en 2009. Elle int\u00e8gre en 2017 le P\u00f4le Sup\u00e9rieur de musique de Lille, dans la classe de trombone de Christian Bogaert. Elle est admise \u00e0 l\u2019unanimit\u00e9 au CNSMD de Paris en 2018 dans la classe de Fabrice Millischer et Jean Raffard.<br>Passionn\u00e9e par la musique d\u2019ensemble, elle a fait partie de nombreuses formations, telles que le Hauts-de-France Brass Band, le groupe Laake, le Dod\u00e9cabone, le Bacaro Quartet et a obtenu une licence de musique de chambre au CNSMDP avec son quintette de cuivres.<br>Elle a jou\u00e9 avec de nombreux orchestres tels que l\u2019Orchestre National de Metz, l\u2019Op\u00e9ra National de Paris, l\u2019Orchestre National de Lille, l\u2019Orchestre National de Bordeaux, l\u2019Orchestre de Paris etc..<br>Elle int\u00e8gre en 2021 la Musique des Gardiens de la Paix puis l\u2019Orchestre Philharmonique de Marseille en 2022 au poste de trombone solo.<br>En 2023 elle int\u00e8gre l\u2019Orchestre National du Capitole de Toulouse au m\u00eame poste.<br>En parall\u00e8le de son parcours d\u2019interpr\u00e8te, elle a enseign\u00e9 au Conservatoire de Vincennes durant 3 ans et obtient son dipl\u00f4me d\u2019\u00e9tat d\u2019enseignement en 2023.<\/p>\n\n\n\n<p><\/p>\n\n\n\n<figure class=\"wp-block-image size-large\"><img loading=\"lazy\" decoding=\"async\" width=\"1024\" height=\"683\" src=\"http:\/\/lesitedutrombone.fr\/trombonefamily\/wp-content\/uploads\/2024\/04\/Image1-1024x683.jpg\" alt=\"\" class=\"wp-image-126\" srcset=\"https:\/\/lesitedutrombone.fr\/trombonefamily\/wp-content\/uploads\/2024\/04\/Image1-1024x683.jpg 1024w, https:\/\/lesitedutrombone.fr\/trombonefamily\/wp-content\/uploads\/2024\/04\/Image1-300x200.jpg 300w, https:\/\/lesitedutrombone.fr\/trombonefamily\/wp-content\/uploads\/2024\/04\/Image1-768x513.jpg 768w, https:\/\/lesitedutrombone.fr\/trombonefamily\/wp-content\/uploads\/2024\/04\/Image1.jpg 1239w\" sizes=\"auto, (max-width: 1024px) 100vw, 1024px\" \/><\/figure>\n\n\n\n<p><strong>EBE ensemble<\/strong><br>L\u2019EBE Ensemble est issu de la classe de trombone de Fabrice Millischer bas\u00e9e \u00e0 la Musikhochschule de Freiburg-im-Bresgau, en Allemagne. Fabrice Millischer, \u00e9galement professeur au CNSM de Paris depuis 2017 et laur\u00e9at de l&rsquo;ARD et des Victoires de la Musique 2011, promeut \u00e9galement la musique de chambre notamment au sein de sa classe. Ses \u00e9l\u00e8ves ont r\u00e9guli\u00e8rement l&rsquo;occasion de jouer en duo, quatuor, quintette, sextuor ou encore trombone octets.<br>L\u2019EBE Ensemble est form\u00e9 d&rsquo;\u00e9tudiants de licence et de master du monde entier.<br>En raison de la renomm\u00e9e internationale de la classe, elle compte des membres d&rsquo;Angleterre, de Pologne, de France, d&rsquo;Espagne, du Portugal, de Chine, d&rsquo;Allemagne, de Turquie, d&rsquo;Arm\u00e9nie et d&rsquo;autres pays. Le groupe n&rsquo;est donc jamais identique chaque ann\u00e9e. Les \u00e9tudiants qui ont termin\u00e9 leurs \u00e9tudes laissent la place \u00e0 de nouveaux qui d\u00e9butent leurs \u00e9tudes. Certains de ces \u00e9tudiants sont aujourd&rsquo;hui des musiciens professionnels de classe mondiale, la plupart d&rsquo;entre eux jouant dans de prestigieux orchestres europ\u00e9ens et sont laur\u00e9ats de concours internationaux.<br>L&rsquo;ensemble a souvent l&rsquo;occasion de se produire lors de concerts de fin de semestre et joue dans le cadre d\u2019examen de fin de licences ou de master. Mais les jeunes musiciens donnent \u00e9galement des concerts priv\u00e9s ou lors d&rsquo;\u00e9v\u00e9nements \u00e0 la Haute \u00e9cole de musique de Fribourg. Le prochain projet sur lequel nous travaillons est une tourn\u00e9e au Mexique en juillet 2025. Nous serons accompagn\u00e9s de nos professeurs Fabrice Millischer et Pierre Campenon, ainsi que de Roberto de la Guia, qui se produira avec nous en tant que soliste.<\/p>\n\n\n\n<p><\/p>\n\n\n\n<figure class=\"wp-block-image size-large\"><img loading=\"lazy\" decoding=\"async\" width=\"1024\" height=\"683\" src=\"http:\/\/lesitedutrombone.fr\/trombonefamily\/wp-content\/uploads\/2024\/04\/361349357_683506863793189_3650693155602321580_n-1024x683.jpg\" alt=\"\" class=\"wp-image-128\" srcset=\"https:\/\/lesitedutrombone.fr\/trombonefamily\/wp-content\/uploads\/2024\/04\/361349357_683506863793189_3650693155602321580_n-1024x683.jpg 1024w, https:\/\/lesitedutrombone.fr\/trombonefamily\/wp-content\/uploads\/2024\/04\/361349357_683506863793189_3650693155602321580_n-300x200.jpg 300w, https:\/\/lesitedutrombone.fr\/trombonefamily\/wp-content\/uploads\/2024\/04\/361349357_683506863793189_3650693155602321580_n-768x512.jpg 768w, https:\/\/lesitedutrombone.fr\/trombonefamily\/wp-content\/uploads\/2024\/04\/361349357_683506863793189_3650693155602321580_n.jpg 1440w\" sizes=\"auto, (max-width: 1024px) 100vw, 1024px\" \/><\/figure>\n\n\n\n<p><strong>Wonder Brass Ensemble<\/strong><br>Depuis pr\u00e8s de 20 ans, les onze cuivres (trompettes, cor, trombones, tuba) et percussions du Wonder Brass Ensemble mettent leur virtuosit\u00e9 au service d&rsquo;une ligne artistique totalement \u00e9clectique.<br>Gr\u00e2ce \u00e0 un r\u00e9pertoire tr\u00e8s riche couvrant toutes les \u00e9poques, formes et styles, leurs programmes de concert nous invitent \u00e0 une balade dans le temps et l&rsquo;espace m\u00ealant constamment les contraires : Mozart et Gershwin, valse et concerto, \u00ab\u00a0tube\u00a0\u00bb et pi\u00e8ces connues des seuls initi\u00e9s, morceaux intimistes et tr\u00e8s \u00e9nergiques, compositions originales et transcriptions.<br>Le concert du 18 mai nous fera voyager entre la Su\u00e8de et les plages d&rsquo;Acapulco, en compagnie de John Baston et Michel Legrand.<br>Trompettes : Fr\u00e9d\u00e9ric Schiel, Fabrice Wigishoff, Yann Bernhard, Angela Anderlini<br>Cor : Fr\u00e9d\u00e9ric Bieber<br>Trombones : Rapha\u00ebl Gagu, Yves Scheppler, St\u00e9phane Rieffel, Beno\u00eet Kientzi<br>Tuba : Pierre Vogler<br>Percussion : Gr\u00e9gory Massat<\/p>\n\n\n\n<figure class=\"wp-block-image size-large\"><img loading=\"lazy\" decoding=\"async\" width=\"1024\" height=\"277\" src=\"http:\/\/lesitedutrombone.fr\/trombonefamily\/wp-content\/uploads\/2023\/10\/banniere-1-1024x277.jpg\" alt=\"\" class=\"wp-image-49\" srcset=\"https:\/\/lesitedutrombone.fr\/trombonefamily\/wp-content\/uploads\/2023\/10\/banniere-1-1024x277.jpg 1024w, https:\/\/lesitedutrombone.fr\/trombonefamily\/wp-content\/uploads\/2023\/10\/banniere-1-300x81.jpg 300w, https:\/\/lesitedutrombone.fr\/trombonefamily\/wp-content\/uploads\/2023\/10\/banniere-1-768x208.jpg 768w, https:\/\/lesitedutrombone.fr\/trombonefamily\/wp-content\/uploads\/2023\/10\/banniere-1-1536x416.jpg 1536w, https:\/\/lesitedutrombone.fr\/trombonefamily\/wp-content\/uploads\/2023\/10\/banniere-1-2048x555.jpg 2048w\" sizes=\"auto, (max-width: 1024px) 100vw, 1024px\" \/><\/figure>\n","protected":false},"excerpt":{"rendered":"<p>samedi 18 mai 2024 20h-21h15, auditorium Programme Ensemble de trombones-tuba de la HEAR (Haute \u00e9cole des arts du Rhin, dir. Nicolas Moutier)&#8211; Steven Verhelst&nbsp;: ITE Fanfare&#8211; Eric Whitacre&nbsp;: Sleep&#8211; Johannes Brahms&nbsp;: Danse hongroise Quatuor de trombone (Hochschule f\u00fcr musik Mannheim)&#8211; Quatuor pour trombones &#8211; Pierre Max Dubois : 8&rsquo;00&#8211; Tokyo Triptych (1e mvt) &#8211; Philip [&hellip;]<\/p>\n","protected":false},"author":1,"featured_media":0,"parent":0,"menu_order":0,"comment_status":"closed","ping_status":"closed","template":"","meta":{"footnotes":""},"class_list":["post-150","page","type-page","status-publish","hentry"],"_links":{"self":[{"href":"https:\/\/lesitedutrombone.fr\/trombonefamily\/wp-json\/wp\/v2\/pages\/150","targetHints":{"allow":["GET"]}}],"collection":[{"href":"https:\/\/lesitedutrombone.fr\/trombonefamily\/wp-json\/wp\/v2\/pages"}],"about":[{"href":"https:\/\/lesitedutrombone.fr\/trombonefamily\/wp-json\/wp\/v2\/types\/page"}],"author":[{"embeddable":true,"href":"https:\/\/lesitedutrombone.fr\/trombonefamily\/wp-json\/wp\/v2\/users\/1"}],"replies":[{"embeddable":true,"href":"https:\/\/lesitedutrombone.fr\/trombonefamily\/wp-json\/wp\/v2\/comments?post=150"}],"version-history":[{"count":6,"href":"https:\/\/lesitedutrombone.fr\/trombonefamily\/wp-json\/wp\/v2\/pages\/150\/revisions"}],"predecessor-version":[{"id":289,"href":"https:\/\/lesitedutrombone.fr\/trombonefamily\/wp-json\/wp\/v2\/pages\/150\/revisions\/289"}],"wp:attachment":[{"href":"https:\/\/lesitedutrombone.fr\/trombonefamily\/wp-json\/wp\/v2\/media?parent=150"}],"curies":[{"name":"wp","href":"https:\/\/api.w.org\/{rel}","templated":true}]}}