{"id":145,"date":"2024-04-22T00:21:49","date_gmt":"2024-04-21T22:21:49","guid":{"rendered":"https:\/\/lesitedutrombone.fr\/trombonefamily\/?page_id=145"},"modified":"2024-05-03T14:22:37","modified_gmt":"2024-05-03T12:22:37","slug":"concert-samedi-21h30","status":"publish","type":"page","link":"https:\/\/lesitedutrombone.fr\/trombonefamily\/concert-samedi-21h30\/","title":{"rendered":"Concert samedi 21h30"},"content":{"rendered":"\n<h5 class=\"wp-block-heading\">samedi 18 mai 2024 21h30-22h30, Salle 30<\/h5>\n\n\n\n<figure class=\"wp-block-image size-large\"><img loading=\"lazy\" decoding=\"async\" width=\"1024\" height=\"277\" src=\"http:\/\/lesitedutrombone.fr\/trombonefamily\/wp-content\/uploads\/2023\/10\/banniere-1-1024x277.jpg\" alt=\"\" class=\"wp-image-49\" srcset=\"https:\/\/lesitedutrombone.fr\/trombonefamily\/wp-content\/uploads\/2023\/10\/banniere-1-1024x277.jpg 1024w, https:\/\/lesitedutrombone.fr\/trombonefamily\/wp-content\/uploads\/2023\/10\/banniere-1-300x81.jpg 300w, https:\/\/lesitedutrombone.fr\/trombonefamily\/wp-content\/uploads\/2023\/10\/banniere-1-768x208.jpg 768w, https:\/\/lesitedutrombone.fr\/trombonefamily\/wp-content\/uploads\/2023\/10\/banniere-1-1536x416.jpg 1536w, https:\/\/lesitedutrombone.fr\/trombonefamily\/wp-content\/uploads\/2023\/10\/banniere-1-2048x555.jpg 2048w\" sizes=\"auto, (max-width: 1024px) 100vw, 1024px\" \/><\/figure>\n\n\n\n<hr class=\"wp-block-separator has-alpha-channel-opacity\"\/>\n\n\n\n<h5 class=\"wp-block-heading\">Programme<\/h5>\n\n\n\n<p>Salsa<br>par Juan Gandan<br><\/p>\n\n\n\n<hr class=\"wp-block-separator has-alpha-channel-opacity\"\/>\n\n\n\n<h5 class=\"wp-block-heading\">Artistes<\/h5>\n\n\n\n<figure class=\"wp-block-image size-large\"><img loading=\"lazy\" decoding=\"async\" width=\"1024\" height=\"576\" src=\"https:\/\/lesitedutrombone.fr\/trombonefamily\/wp-content\/uploads\/2024\/04\/IMG-20240206-WA0043-1024x576.jpg\" alt=\"\" class=\"wp-image-147\" srcset=\"https:\/\/lesitedutrombone.fr\/trombonefamily\/wp-content\/uploads\/2024\/04\/IMG-20240206-WA0043-1024x576.jpg 1024w, https:\/\/lesitedutrombone.fr\/trombonefamily\/wp-content\/uploads\/2024\/04\/IMG-20240206-WA0043-300x169.jpg 300w, https:\/\/lesitedutrombone.fr\/trombonefamily\/wp-content\/uploads\/2024\/04\/IMG-20240206-WA0043-768x432.jpg 768w, https:\/\/lesitedutrombone.fr\/trombonefamily\/wp-content\/uploads\/2024\/04\/IMG-20240206-WA0043-1536x864.jpg 1536w, https:\/\/lesitedutrombone.fr\/trombonefamily\/wp-content\/uploads\/2024\/04\/IMG-20240206-WA0043.jpg 1600w\" sizes=\"auto, (max-width: 1024px) 100vw, 1024px\" \/><\/figure>\n\n\n\n<p><strong>Juan Gandan<\/strong><br>Ce groupe incroyablement passionn\u00e9 est un incontournable<br>pour tous les aficionados de musique latine qui aiment faire la<br>f\u00eate et danser sans retenue !<br>Originaire des terres ensoleill\u00e9es d&rsquo;Am\u00e9rique du Sud, incluant le<br>P\u00e9rou, le Chili, la Colombie et le Venezuela, JUAN GANDAN vous<br>transporte dans un tourbillon musical en proposant un cocktail<br>explosif de grands classiques de la salsa et de compositions<br>originales totalement envo\u00fbtantes. Pr\u00e9parez-vous \u00e0 vivre une<br>exp\u00e9rience rythmique et festive qui ne manquera pas de vous<br>faire vibrer !<\/p>\n\n\n\n<p>\u00ab\u00a0Notre musique c\u00e9l\u00e8bre la f\u00eate avant tout.<br>Notre objectif est simple : faire en sorte que chaque<br>spectateur quitte nos concerts avec un c\u0153ur l\u00e9ger, empli de<br>joie et des m\u00e9lodies qui ne le quitteront plus.\u00a0\u00bb<\/p>\n\n\n\n<figure class=\"wp-block-image size-large\"><img loading=\"lazy\" decoding=\"async\" width=\"1024\" height=\"277\" src=\"http:\/\/lesitedutrombone.fr\/trombonefamily\/wp-content\/uploads\/2023\/10\/banniere-1-1024x277.jpg\" alt=\"\" class=\"wp-image-49\" srcset=\"https:\/\/lesitedutrombone.fr\/trombonefamily\/wp-content\/uploads\/2023\/10\/banniere-1-1024x277.jpg 1024w, https:\/\/lesitedutrombone.fr\/trombonefamily\/wp-content\/uploads\/2023\/10\/banniere-1-300x81.jpg 300w, https:\/\/lesitedutrombone.fr\/trombonefamily\/wp-content\/uploads\/2023\/10\/banniere-1-768x208.jpg 768w, https:\/\/lesitedutrombone.fr\/trombonefamily\/wp-content\/uploads\/2023\/10\/banniere-1-1536x416.jpg 1536w, https:\/\/lesitedutrombone.fr\/trombonefamily\/wp-content\/uploads\/2023\/10\/banniere-1-2048x555.jpg 2048w\" sizes=\"auto, (max-width: 1024px) 100vw, 1024px\" \/><\/figure>\n","protected":false},"excerpt":{"rendered":"<p>samedi 18 mai 2024 21h30-22h30, Salle 30 Programme Salsapar Juan Gandan Artistes Juan GandanCe groupe incroyablement passionn\u00e9 est un incontournablepour tous les aficionados de musique latine qui aiment faire laf\u00eate et danser sans retenue !Originaire des terres ensoleill\u00e9es d&rsquo;Am\u00e9rique du Sud, incluant leP\u00e9rou, le Chili, la Colombie et le Venezuela, JUAN GANDAN voustransporte dans un [&hellip;]<\/p>\n","protected":false},"author":1,"featured_media":0,"parent":0,"menu_order":0,"comment_status":"closed","ping_status":"closed","template":"","meta":{"footnotes":""},"class_list":["post-145","page","type-page","status-publish","hentry"],"_links":{"self":[{"href":"https:\/\/lesitedutrombone.fr\/trombonefamily\/wp-json\/wp\/v2\/pages\/145","targetHints":{"allow":["GET"]}}],"collection":[{"href":"https:\/\/lesitedutrombone.fr\/trombonefamily\/wp-json\/wp\/v2\/pages"}],"about":[{"href":"https:\/\/lesitedutrombone.fr\/trombonefamily\/wp-json\/wp\/v2\/types\/page"}],"author":[{"embeddable":true,"href":"https:\/\/lesitedutrombone.fr\/trombonefamily\/wp-json\/wp\/v2\/users\/1"}],"replies":[{"embeddable":true,"href":"https:\/\/lesitedutrombone.fr\/trombonefamily\/wp-json\/wp\/v2\/comments?post=145"}],"version-history":[{"count":2,"href":"https:\/\/lesitedutrombone.fr\/trombonefamily\/wp-json\/wp\/v2\/pages\/145\/revisions"}],"predecessor-version":[{"id":253,"href":"https:\/\/lesitedutrombone.fr\/trombonefamily\/wp-json\/wp\/v2\/pages\/145\/revisions\/253"}],"wp:attachment":[{"href":"https:\/\/lesitedutrombone.fr\/trombonefamily\/wp-json\/wp\/v2\/media?parent=145"}],"curies":[{"name":"wp","href":"https:\/\/api.w.org\/{rel}","templated":true}]}}