{"id":141,"date":"2024-04-22T00:17:34","date_gmt":"2024-04-21T22:17:34","guid":{"rendered":"https:\/\/lesitedutrombone.fr\/trombonefamily\/?page_id=141"},"modified":"2024-05-03T14:23:23","modified_gmt":"2024-05-03T12:23:23","slug":"concert-vendredi-21h30","status":"publish","type":"page","link":"https:\/\/lesitedutrombone.fr\/trombonefamily\/concert-vendredi-21h30\/","title":{"rendered":"Concert vendredi 21h30"},"content":{"rendered":"\n<h5 class=\"wp-block-heading\">vendredi 17 mai 2024 21h30-22h30, Salle 30<\/h5>\n\n\n\n<figure class=\"wp-block-image size-large\"><img loading=\"lazy\" decoding=\"async\" width=\"1024\" height=\"277\" src=\"http:\/\/lesitedutrombone.fr\/trombonefamily\/wp-content\/uploads\/2023\/10\/banniere-1-1024x277.jpg\" alt=\"\" class=\"wp-image-49\" srcset=\"https:\/\/lesitedutrombone.fr\/trombonefamily\/wp-content\/uploads\/2023\/10\/banniere-1-1024x277.jpg 1024w, https:\/\/lesitedutrombone.fr\/trombonefamily\/wp-content\/uploads\/2023\/10\/banniere-1-300x81.jpg 300w, https:\/\/lesitedutrombone.fr\/trombonefamily\/wp-content\/uploads\/2023\/10\/banniere-1-768x208.jpg 768w, https:\/\/lesitedutrombone.fr\/trombonefamily\/wp-content\/uploads\/2023\/10\/banniere-1-1536x416.jpg 1536w, https:\/\/lesitedutrombone.fr\/trombonefamily\/wp-content\/uploads\/2023\/10\/banniere-1-2048x555.jpg 2048w\" sizes=\"auto, (max-width: 1024px) 100vw, 1024px\" \/><\/figure>\n\n\n\n<hr class=\"wp-block-separator has-alpha-channel-opacity\"\/>\n\n\n\n<h5 class=\"wp-block-heading\">Programme<\/h5>\n\n\n\n<p>Jazz\/funk<br>par Funk Tribute<\/p>\n\n\n\n<p>Musique des Balkans<br>par Balkan Express Orchestra<br><\/p>\n\n\n\n<hr class=\"wp-block-separator has-alpha-channel-opacity\"\/>\n\n\n\n<h5 class=\"wp-block-heading\">Artistes<\/h5>\n\n\n\n<figure class=\"wp-block-image size-full\"><img loading=\"lazy\" decoding=\"async\" width=\"612\" height=\"396\" src=\"https:\/\/lesitedutrombone.fr\/trombonefamily\/wp-content\/uploads\/2024\/04\/silhouette.jpg\" alt=\"\" class=\"wp-image-175\" srcset=\"https:\/\/lesitedutrombone.fr\/trombonefamily\/wp-content\/uploads\/2024\/04\/silhouette.jpg 612w, https:\/\/lesitedutrombone.fr\/trombonefamily\/wp-content\/uploads\/2024\/04\/silhouette-300x194.jpg 300w\" sizes=\"auto, (max-width: 612px) 100vw, 612px\" \/><\/figure>\n\n\n\n<p><strong>Funk Tribute<\/strong><br>\u2018Funk tribute\u2019 est un septette du d\u00e9partement jazz du Conservatoire de Strasbourg form\u00e9 pour l\u2019occasion qui va reprendre des classiques du r\u00e9pertoire funk, en passant par du Maceo Parker jusqu\u2019au Brecker Brothers pour un set de 30 minutes. Leur but ? Faire bouger au minimum la t\u00eate du public et au mieux tout le corps !<\/p>\n\n\n\n<p><\/p>\n\n\n\n<figure class=\"wp-block-image size-large\"><img loading=\"lazy\" decoding=\"async\" width=\"1024\" height=\"1024\" src=\"https:\/\/lesitedutrombone.fr\/trombonefamily\/wp-content\/uploads\/2024\/04\/353397173_10222877947952365_1085794269365529212_n-1024x1024.jpg\" alt=\"\" class=\"wp-image-143\" srcset=\"https:\/\/lesitedutrombone.fr\/trombonefamily\/wp-content\/uploads\/2024\/04\/353397173_10222877947952365_1085794269365529212_n-1024x1024.jpg 1024w, https:\/\/lesitedutrombone.fr\/trombonefamily\/wp-content\/uploads\/2024\/04\/353397173_10222877947952365_1085794269365529212_n-300x300.jpg 300w, https:\/\/lesitedutrombone.fr\/trombonefamily\/wp-content\/uploads\/2024\/04\/353397173_10222877947952365_1085794269365529212_n-150x150.jpg 150w, https:\/\/lesitedutrombone.fr\/trombonefamily\/wp-content\/uploads\/2024\/04\/353397173_10222877947952365_1085794269365529212_n-768x768.jpg 768w, https:\/\/lesitedutrombone.fr\/trombonefamily\/wp-content\/uploads\/2024\/04\/353397173_10222877947952365_1085794269365529212_n-1536x1536.jpg 1536w, https:\/\/lesitedutrombone.fr\/trombonefamily\/wp-content\/uploads\/2024\/04\/353397173_10222877947952365_1085794269365529212_n.jpg 2048w\" sizes=\"auto, (max-width: 1024px) 100vw, 1024px\" \/><\/figure>\n\n\n\n<p><strong>Balkan Express Orchestra<\/strong><br>Tout juste n\u00e9 de l\u2019ann\u00e9e 2023, Le Balkan Express Orchestra est une fanfare<br>compos\u00e9e de 8 musicien.nes issus de la Haute \u00c9cole des Arts du Rhin.<br>En reprenant \u00e0 sa sauce le r\u00e9pertoire de la musique des Balkans, l\u2019ensemble propose<br>un cocktail festif et r\u00e9jouissant typique de cette musique. Le r\u00e9pertoire est constitu\u00e9<br>de reprises et arrangements de th\u00e8mes traditionnels balkaniques, tsiganes, serbes,<br>bulgares, mac\u00e9doniens, qui vous transportent de l\u2019autre c\u00f4t\u00e9 de l\u2019Europe.<\/p>\n\n\n\n<p><\/p>\n\n\n\n<figure class=\"wp-block-image size-large\"><img loading=\"lazy\" decoding=\"async\" width=\"1024\" height=\"277\" src=\"http:\/\/lesitedutrombone.fr\/trombonefamily\/wp-content\/uploads\/2023\/10\/banniere-1-1024x277.jpg\" alt=\"\" class=\"wp-image-49\" srcset=\"https:\/\/lesitedutrombone.fr\/trombonefamily\/wp-content\/uploads\/2023\/10\/banniere-1-1024x277.jpg 1024w, https:\/\/lesitedutrombone.fr\/trombonefamily\/wp-content\/uploads\/2023\/10\/banniere-1-300x81.jpg 300w, https:\/\/lesitedutrombone.fr\/trombonefamily\/wp-content\/uploads\/2023\/10\/banniere-1-768x208.jpg 768w, https:\/\/lesitedutrombone.fr\/trombonefamily\/wp-content\/uploads\/2023\/10\/banniere-1-1536x416.jpg 1536w, https:\/\/lesitedutrombone.fr\/trombonefamily\/wp-content\/uploads\/2023\/10\/banniere-1-2048x555.jpg 2048w\" sizes=\"auto, (max-width: 1024px) 100vw, 1024px\" \/><\/figure>\n","protected":false},"excerpt":{"rendered":"<p>vendredi 17 mai 2024 21h30-22h30, Salle 30 Programme Jazz\/funkpar Funk Tribute Musique des Balkanspar Balkan Express Orchestra Artistes Funk Tribute\u2018Funk tribute\u2019 est un septette du d\u00e9partement jazz du Conservatoire de Strasbourg form\u00e9 pour l\u2019occasion qui va reprendre des classiques du r\u00e9pertoire funk, en passant par du Maceo Parker jusqu\u2019au Brecker Brothers pour un set de [&hellip;]<\/p>\n","protected":false},"author":1,"featured_media":0,"parent":0,"menu_order":0,"comment_status":"closed","ping_status":"closed","template":"","meta":{"footnotes":""},"class_list":["post-141","page","type-page","status-publish","hentry"],"_links":{"self":[{"href":"https:\/\/lesitedutrombone.fr\/trombonefamily\/wp-json\/wp\/v2\/pages\/141","targetHints":{"allow":["GET"]}}],"collection":[{"href":"https:\/\/lesitedutrombone.fr\/trombonefamily\/wp-json\/wp\/v2\/pages"}],"about":[{"href":"https:\/\/lesitedutrombone.fr\/trombonefamily\/wp-json\/wp\/v2\/types\/page"}],"author":[{"embeddable":true,"href":"https:\/\/lesitedutrombone.fr\/trombonefamily\/wp-json\/wp\/v2\/users\/1"}],"replies":[{"embeddable":true,"href":"https:\/\/lesitedutrombone.fr\/trombonefamily\/wp-json\/wp\/v2\/comments?post=141"}],"version-history":[{"count":4,"href":"https:\/\/lesitedutrombone.fr\/trombonefamily\/wp-json\/wp\/v2\/pages\/141\/revisions"}],"predecessor-version":[{"id":255,"href":"https:\/\/lesitedutrombone.fr\/trombonefamily\/wp-json\/wp\/v2\/pages\/141\/revisions\/255"}],"wp:attachment":[{"href":"https:\/\/lesitedutrombone.fr\/trombonefamily\/wp-json\/wp\/v2\/media?parent=141"}],"curies":[{"name":"wp","href":"https:\/\/api.w.org\/{rel}","templated":true}]}}